{"id":1123,"date":"2024-01-18T19:25:13","date_gmt":"2024-01-18T18:25:13","guid":{"rendered":"https:\/\/perolinedrevon.fr\/?page_id=1123"},"modified":"2026-03-05T16:29:25","modified_gmt":"2026-03-05T15:29:25","slug":"mes-stages","status":"publish","type":"page","link":"https:\/\/perolinedrevon.fr\/?page_id=1123","title":{"rendered":"STAGES ET ATELIERS"},"content":{"rendered":"\n<h2 class=\"wp-block-heading\">STAGE Programm\u00e9s sur 2026<\/h2>\n\n\n\n<p>17\/18 janvier 2026 &#8211; Stage d&rsquo;improvisation priv\u00e9 &#8211; LA KIFF &#8211; <strong><a href=\"https:\/\/www.marseille.fr\/\">Marseille (13)<\/a><\/strong><\/p>\n\n\n\n<p>21\/22 f\u00e9vrier 2026 &#8211; Stage d&rsquo;improvisation HYPERSENSIBLE (infos \u00e0 venir) <a href=\"https:\/\/www.angouleme.fr\/\">&#8211; Angoul\u00eame (16)<\/a><\/p>\n\n\n\n<p>14\/15 mars 2026 &#8211; Stage d&rsquo;improvisation priv\u00e9e &#8211; <strong><a href=\"https:\/\/www.lyon.fr\/\">Lyon (69)<\/a><\/strong><\/p>\n\n\n\n<p>24\/25 avril 2026 &#8211; Festival Semaine de l&rsquo;impro &#8211; <a href=\"https:\/\/improfestival.com\/festival\/peroline-drevon-recits-interdits-quand-limprovisation-brise-le-silence-vendredi-24-et-samedi-25-avril-2026\/\">Stage R\u00e9cits interdits, quand l&rsquo;improvisation brise le silence Nancy (54)<\/a> <strong>COMPLET<\/strong><\/p>\n\n\n\n<figure class=\"wp-block-image size-large is-resized\"><img fetchpriority=\"high\" decoding=\"async\" width=\"1024\" height=\"594\" src=\"https:\/\/perolinedrevon.fr\/wp-content\/uploads\/2026\/03\/IMG_8475-1024x594.jpg\" alt=\"\" class=\"wp-image-1982\" style=\"width:500px\" srcset=\"https:\/\/perolinedrevon.fr\/wp-content\/uploads\/2026\/03\/IMG_8475-1024x594.jpg 1024w, https:\/\/perolinedrevon.fr\/wp-content\/uploads\/2026\/03\/IMG_8475-300x174.jpg 300w, https:\/\/perolinedrevon.fr\/wp-content\/uploads\/2026\/03\/IMG_8475-768x445.jpg 768w, https:\/\/perolinedrevon.fr\/wp-content\/uploads\/2026\/03\/IMG_8475-1536x890.jpg 1536w, https:\/\/perolinedrevon.fr\/wp-content\/uploads\/2026\/03\/IMG_8475-2048x1187.jpg 2048w\" sizes=\"(max-width: 1024px) 100vw, 1024px\" \/><\/figure>\n\n\n\n<h2 class=\"wp-block-heading\">PRATIQUE REGULIERE SUR LA SAISON 2026\/2027 vers Lyon<\/h2>\n\n\n\n<h4 class=\"wp-block-heading\">Je propose une pratique r\u00e9guli\u00e8re sous forme d&rsquo;ateliers, 1 fois par mois dans ma belle campagne de Chaussan entre Lyon et St Etienne (69440).<\/h4>\n\n\n\n<p>Pour la saison 2026\/2027 les inscriptions sont \u00e0 venir et les dates sont d\u00e9j\u00e0 fix\u00e9es :<\/p>\n\n\n\n<figure class=\"wp-block-image size-large\"><img decoding=\"async\" width=\"1024\" height=\"576\" src=\"https:\/\/perolinedrevon.fr\/wp-content\/uploads\/2026\/03\/Summer-Break-Leisure-Activity-Presentation-in-Purple-and-Orange-Vector-Style-1-1024x576.jpg\" alt=\"\" class=\"wp-image-1985\" srcset=\"https:\/\/perolinedrevon.fr\/wp-content\/uploads\/2026\/03\/Summer-Break-Leisure-Activity-Presentation-in-Purple-and-Orange-Vector-Style-1-1024x576.jpg 1024w, https:\/\/perolinedrevon.fr\/wp-content\/uploads\/2026\/03\/Summer-Break-Leisure-Activity-Presentation-in-Purple-and-Orange-Vector-Style-1-300x169.jpg 300w, https:\/\/perolinedrevon.fr\/wp-content\/uploads\/2026\/03\/Summer-Break-Leisure-Activity-Presentation-in-Purple-and-Orange-Vector-Style-1-768x432.jpg 768w, https:\/\/perolinedrevon.fr\/wp-content\/uploads\/2026\/03\/Summer-Break-Leisure-Activity-Presentation-in-Purple-and-Orange-Vector-Style-1-1536x864.jpg 1536w, https:\/\/perolinedrevon.fr\/wp-content\/uploads\/2026\/03\/Summer-Break-Leisure-Activity-Presentation-in-Purple-and-Orange-Vector-Style-1.jpg 1920w\" sizes=\"(max-width: 1024px) 100vw, 1024px\" \/><\/figure>\n\n\n\n<p><em>Pour plus d&rsquo;informations ou pour recevoir les infos lors de l&rsquo;inscription, merci de m&rsquo;\u00e9crire sur instantt.drevon@gmail.com<\/em><\/p>\n\n\n\n<p>&#8212;&#8212;&#8212;&#8212;&#8212;&#8212;&#8212;&#8212;&#8212;&#8212;-<\/p>\n\n\n\n<figure class=\"wp-block-image size-large\"><img decoding=\"async\" width=\"1024\" height=\"939\" src=\"http:\/\/perolinedrevon.fr\/wp-content\/uploads\/2024\/12\/thumbnail_IMG_5420-1024x939.jpg\" alt=\"\" class=\"wp-image-1296\" style=\"aspect-ratio:16\/9;object-fit:cover\" srcset=\"https:\/\/perolinedrevon.fr\/wp-content\/uploads\/2024\/12\/thumbnail_IMG_5420-1024x939.jpg 1024w, https:\/\/perolinedrevon.fr\/wp-content\/uploads\/2024\/12\/thumbnail_IMG_5420-300x275.jpg 300w, https:\/\/perolinedrevon.fr\/wp-content\/uploads\/2024\/12\/thumbnail_IMG_5420-768x704.jpg 768w, https:\/\/perolinedrevon.fr\/wp-content\/uploads\/2024\/12\/thumbnail_IMG_5420-1536x1409.jpg 1536w, https:\/\/perolinedrevon.fr\/wp-content\/uploads\/2024\/12\/thumbnail_IMG_5420-1140x1046.jpg 1140w, https:\/\/perolinedrevon.fr\/wp-content\/uploads\/2024\/12\/thumbnail_IMG_5420.jpg 1920w\" sizes=\"(max-width: 1024px) 100vw, 1024px\" \/><figcaption class=\"wp-element-caption\"><em>Stage th\u00e9\u00e2tre forum au Ballet des Hirondelles 2024<\/em><\/figcaption><\/figure>\n\n\n\n<h3 class=\"wp-block-heading\">PROGRAMMER UN STAGE AVEC MOI : <\/h3>\n\n\n\n<p><strong>Vous souhaitez programmer un stage pour votre \u00e9tablissement, entreprise, association, voici quelques possibilit\u00e9s de th\u00e9matiques que je peux dispenser : <\/strong><\/p>\n\n\n\n<ul class=\"wp-block-list\">\n<li>Impro &#8211; D\u00e9couverte ou perfectionnement en l&rsquo;improvisation th\u00e9\u00e2trale <a href=\"https:\/\/perolinedrevon.fr\/?p=398\">(Lire un article)<\/a><\/li>\n\n\n\n<li>Impro- La musique comme moteur de cr\u00e9ation th\u00e9\u00e2trale <a href=\"https:\/\/perolinedrevon.fr\/?p=1174\">(Lire l&rsquo;article \u00e0 ce sujet)<\/a><\/li>\n\n\n\n<li>Impro &#8211; Interpr\u00e9tation et sinc\u00e9rit\u00e9 du jeu <\/li>\n\n\n\n<li>Impro- Initiation \u00e0 la com\u00e9die musicale improvis\u00e9e <a href=\"https:\/\/perolinedrevon.fr\/?p=847\">(Lire l&rsquo;article \u00e0 ce sujet)<\/a><\/li>\n\n\n\n<li>Impro &#8211; Construire l&rsquo;improvisation par l&rsquo;\u00e9motion<\/li>\n\n\n\n<li>Impro &#8211; Vivre l&rsquo;instant <\/li>\n\n\n\n<li>Impro &#8211; Improvisation longform<\/li>\n\n\n\n<li>Impro &#8211; R\u00e9cits interdits, quand l&rsquo;improvisation brise le silence<a href=\"https:\/\/perolinedrevon.fr\/?p=1924\"> (Lire l&rsquo;article \u00e0 ce sujet)<\/a><\/li>\n\n\n\n<li>Impro &#8211; Les contrastes <a href=\"https:\/\/perolinedrevon.fr\/?p=1340\">(Lire l&rsquo;article \u00e0 ce sujet)<\/a><\/li>\n\n\n\n<li>Impro &#8211; Hypersensible (se servir de cette force en improvisation th\u00e9\u00e2trale)<\/li>\n\n\n\n<li>Atelier sur l&rsquo;expression corporelle<\/li>\n\n\n\n<li>Atelier sur la prise de parole en public<\/li>\n\n\n\n<li>Atelier de travail sur les probl\u00e9matiques relationnelles<\/li>\n\n\n\n<li><a href=\"https:\/\/perolinedrevon.fr\/?page_id=713\">Atelier forum <\/a>sur tous types de th\u00e9matiques (\u00e9galit\u00e9, handicap, violences sexistes et sexuelles, addiction, d\u00e9pendance, les aidants, parent \/ enfant, interg\u00e9n\u00e9rationnel, n\u00e9gociation commerciale&#8230;)<\/li>\n\n\n\n<li>Th\u00e9\u00e2tre introspectif (s&rsquo;explorer par le th\u00e9\u00e2tre)<\/li>\n\n\n\n<li>Th\u00e9\u00e2tre image<\/li>\n\n\n\n<li>Th\u00e9\u00e2tre forum , initiation ou perfectionnement  <a href=\"https:\/\/perolinedrevon.fr\/?page_id=713\">(en savoir+ sur l&rsquo;outils)<\/a> <a href=\"https:\/\/perolinedrevon.fr\/?p=898\">(Lire un article)<\/a><\/li>\n\n\n\n<li>Atelier ou stage sur mesure par rapport \u00e0 vos besoins<\/li>\n<\/ul>\n\n\n\n<p>On en discute ? Au 0623582138<\/p>\n\n\n\n<figure class=\"wp-block-gallery has-nested-images columns-default is-cropped wp-block-gallery-1 is-layout-flex wp-block-gallery-is-layout-flex\">\n<figure class=\"wp-block-image size-large\"><img loading=\"lazy\" decoding=\"async\" width=\"1024\" height=\"683\" data-id=\"1124\" src=\"https:\/\/perolinedrevon.fr\/wp-content\/uploads\/2024\/01\/IMG_5599-1024x683.jpg\" alt=\"\" class=\"wp-image-1124\" srcset=\"https:\/\/perolinedrevon.fr\/wp-content\/uploads\/2024\/01\/IMG_5599-1024x683.jpg 1024w, https:\/\/perolinedrevon.fr\/wp-content\/uploads\/2024\/01\/IMG_5599-300x200.jpg 300w, https:\/\/perolinedrevon.fr\/wp-content\/uploads\/2024\/01\/IMG_5599-768x512.jpg 768w, https:\/\/perolinedrevon.fr\/wp-content\/uploads\/2024\/01\/IMG_5599-1536x1024.jpg 1536w, https:\/\/perolinedrevon.fr\/wp-content\/uploads\/2024\/01\/IMG_5599-2048x1365.jpg 2048w, https:\/\/perolinedrevon.fr\/wp-content\/uploads\/2024\/01\/IMG_5599-1140x760.jpg 1140w\" sizes=\"(max-width: 1024px) 100vw, 1024px\" \/><figcaption class=\"wp-element-caption\">Stage Hypersensible au festival WISE de Clermont Ferrand<\/figcaption><\/figure>\n<\/figure>\n\n\n\n<h5 class=\"wp-block-heading\"><\/h5>\n\n\n\n<h3 class=\"wp-block-heading\">VOS RETOURS D&rsquo;EXPERIENCE :<\/h3>\n\n\n\n<p><\/p>\n\n\n\n<figure class=\"wp-block-image size-full\"><img loading=\"lazy\" decoding=\"async\" width=\"871\" height=\"735\" src=\"https:\/\/perolinedrevon.fr\/wp-content\/uploads\/2025\/06\/stage-retour-1.png\" alt=\"\" class=\"wp-image-1564\" srcset=\"https:\/\/perolinedrevon.fr\/wp-content\/uploads\/2025\/06\/stage-retour-1.png 871w, https:\/\/perolinedrevon.fr\/wp-content\/uploads\/2025\/06\/stage-retour-1-300x253.png 300w, https:\/\/perolinedrevon.fr\/wp-content\/uploads\/2025\/06\/stage-retour-1-768x648.png 768w\" sizes=\"(max-width: 871px) 100vw, 871px\" \/><\/figure>\n\n\n\n<figure class=\"wp-block-image size-full\"><img loading=\"lazy\" decoding=\"async\" width=\"872\" height=\"367\" src=\"https:\/\/perolinedrevon.fr\/wp-content\/uploads\/2025\/06\/stage-retour-2.png\" alt=\"\" class=\"wp-image-1565\" srcset=\"https:\/\/perolinedrevon.fr\/wp-content\/uploads\/2025\/06\/stage-retour-2.png 872w, https:\/\/perolinedrevon.fr\/wp-content\/uploads\/2025\/06\/stage-retour-2-300x126.png 300w, https:\/\/perolinedrevon.fr\/wp-content\/uploads\/2025\/06\/stage-retour-2-768x323.png 768w\" sizes=\"(max-width: 872px) 100vw, 872px\" \/><\/figure>\n\n\n\n<figure class=\"wp-block-image size-full\"><img loading=\"lazy\" decoding=\"async\" width=\"876\" height=\"563\" src=\"https:\/\/perolinedrevon.fr\/wp-content\/uploads\/2025\/06\/stage-retour-3.png\" alt=\"\" class=\"wp-image-1566\" srcset=\"https:\/\/perolinedrevon.fr\/wp-content\/uploads\/2025\/06\/stage-retour-3.png 876w, https:\/\/perolinedrevon.fr\/wp-content\/uploads\/2025\/06\/stage-retour-3-300x193.png 300w, https:\/\/perolinedrevon.fr\/wp-content\/uploads\/2025\/06\/stage-retour-3-768x494.png 768w\" sizes=\"(max-width: 876px) 100vw, 876px\" \/><\/figure>\n\n\n\n<figure class=\"wp-block-image size-full\"><img loading=\"lazy\" decoding=\"async\" width=\"868\" height=\"226\" src=\"https:\/\/perolinedrevon.fr\/wp-content\/uploads\/2025\/06\/retoiur-stage-5.png\" alt=\"\" class=\"wp-image-1569\" srcset=\"https:\/\/perolinedrevon.fr\/wp-content\/uploads\/2025\/06\/retoiur-stage-5.png 868w, https:\/\/perolinedrevon.fr\/wp-content\/uploads\/2025\/06\/retoiur-stage-5-300x78.png 300w, https:\/\/perolinedrevon.fr\/wp-content\/uploads\/2025\/06\/retoiur-stage-5-768x200.png 768w\" sizes=\"(max-width: 868px) 100vw, 868px\" \/><\/figure>\n\n\n\n<figure class=\"wp-block-image size-full\"><img loading=\"lazy\" decoding=\"async\" width=\"874\" height=\"540\" src=\"https:\/\/perolinedrevon.fr\/wp-content\/uploads\/2025\/06\/stage-retour-4-tf.png\" alt=\"\" class=\"wp-image-1567\" srcset=\"https:\/\/perolinedrevon.fr\/wp-content\/uploads\/2025\/06\/stage-retour-4-tf.png 874w, https:\/\/perolinedrevon.fr\/wp-content\/uploads\/2025\/06\/stage-retour-4-tf-300x185.png 300w, https:\/\/perolinedrevon.fr\/wp-content\/uploads\/2025\/06\/stage-retour-4-tf-768x475.png 768w\" sizes=\"(max-width: 874px) 100vw, 874px\" \/><\/figure>\n\n\n\n<p><\/p>\n","protected":false},"excerpt":{"rendered":"<p>STAGE Programm\u00e9s sur 2026 17\/18 janvier 2026 &#8211; Stage d&rsquo;improvisation priv\u00e9 &#8211; LA KIFF &#8211; Marseille (13) 21\/22 f\u00e9vrier 2026 &#8211; Stage d&rsquo;improvisation HYPERSENSIBLE (infos \u00e0 venir) &#8211; Angoul\u00eame (16) 14\/15 mars 2026 &#8211; Stage d&rsquo;improvisation priv\u00e9e &#8211; Lyon (69) 24\/25 avril 2026 &#8211; Festival Semaine de l&rsquo;impro &#8211; Stage R\u00e9cits interdits, quand l&rsquo;improvisation brise [&hellip;]<\/p>\n","protected":false},"author":1,"featured_media":0,"parent":0,"menu_order":0,"comment_status":"closed","ping_status":"closed","template":"","meta":{"footnotes":""},"class_list":["post-1123","page","type-page","status-publish","hentry"],"_links":{"self":[{"href":"https:\/\/perolinedrevon.fr\/index.php?rest_route=\/wp\/v2\/pages\/1123","targetHints":{"allow":["GET"]}}],"collection":[{"href":"https:\/\/perolinedrevon.fr\/index.php?rest_route=\/wp\/v2\/pages"}],"about":[{"href":"https:\/\/perolinedrevon.fr\/index.php?rest_route=\/wp\/v2\/types\/page"}],"author":[{"embeddable":true,"href":"https:\/\/perolinedrevon.fr\/index.php?rest_route=\/wp\/v2\/users\/1"}],"replies":[{"embeddable":true,"href":"https:\/\/perolinedrevon.fr\/index.php?rest_route=%2Fwp%2Fv2%2Fcomments&post=1123"}],"version-history":[{"count":52,"href":"https:\/\/perolinedrevon.fr\/index.php?rest_route=\/wp\/v2\/pages\/1123\/revisions"}],"predecessor-version":[{"id":1987,"href":"https:\/\/perolinedrevon.fr\/index.php?rest_route=\/wp\/v2\/pages\/1123\/revisions\/1987"}],"wp:attachment":[{"href":"https:\/\/perolinedrevon.fr\/index.php?rest_route=%2Fwp%2Fv2%2Fmedia&parent=1123"}],"curies":[{"name":"wp","href":"https:\/\/api.w.org\/{rel}","templated":true}]}}