{"id":1759,"date":"2025-07-20T21:43:01","date_gmt":"2025-07-20T19:43:01","guid":{"rendered":"https:\/\/perolinedrevon.fr\/?page_id=1759"},"modified":"2025-10-06T21:26:33","modified_gmt":"2025-10-06T19:26:33","slug":"qui-suis-je","status":"publish","type":"page","link":"https:\/\/perolinedrevon.fr\/?page_id=1759","title":{"rendered":"QUI SUIS-JE?"},"content":{"rendered":"\n<h2 class=\"wp-block-heading\">P\u00e9roline DREVON<\/h2>\n\n\n\n<p>COMEDIENNE \u2013 AUTRICE \u2013 CHANTEUSE \u2013 VOIX OFF \u2014 FORMATRICE \u2013 THEATRE FORUM<\/p>\n\n\n\n<figure class=\"wp-block-gallery has-nested-images columns-default is-cropped wp-block-gallery-1 is-layout-flex wp-block-gallery-is-layout-flex\">\n<figure class=\"wp-block-image size-large\"><img fetchpriority=\"high\" decoding=\"async\" width=\"683\" height=\"1024\" data-id=\"1762\" src=\"https:\/\/perolinedrevon.fr\/wp-content\/uploads\/2025\/07\/IMG_6221-Fab-Roro-pero-683x1024.jpg\" alt=\"\" class=\"wp-image-1762\" srcset=\"https:\/\/perolinedrevon.fr\/wp-content\/uploads\/2025\/07\/IMG_6221-Fab-Roro-pero-683x1024.jpg 683w, https:\/\/perolinedrevon.fr\/wp-content\/uploads\/2025\/07\/IMG_6221-Fab-Roro-pero-200x300.jpg 200w, https:\/\/perolinedrevon.fr\/wp-content\/uploads\/2025\/07\/IMG_6221-Fab-Roro-pero-768x1152.jpg 768w, https:\/\/perolinedrevon.fr\/wp-content\/uploads\/2025\/07\/IMG_6221-Fab-Roro-pero-1024x1536.jpg 1024w, https:\/\/perolinedrevon.fr\/wp-content\/uploads\/2025\/07\/IMG_6221-Fab-Roro-pero-1365x2048.jpg 1365w, https:\/\/perolinedrevon.fr\/wp-content\/uploads\/2025\/07\/IMG_6221-Fab-Roro-pero-scaled.jpg 1707w\" sizes=\"(max-width: 683px) 100vw, 683px\" \/><\/figure>\n<\/figure>\n\n\n\n<p><em><strong><mark style=\"background-color:rgba(0, 0, 0, 0)\" class=\"has-inline-color has-vivid-purple-color\">Com\u00e9dienne et cuisini\u00e8re du sensible, je transforme en art les ingr\u00e9dients de la vie.<\/mark><\/strong><\/em><\/p>\n\n\n\n<p>Apr\u00e8s avoir cr\u00e9\u00e9 en 2014 le premier th\u00e9\u00e2tre de France d\u00e9di\u00e9 \u00e0 l&rsquo;art de l&rsquo;improvisation, je cr\u00e9\u00e9<br>en 2017 l&rsquo;entreprise INSTANT T , qui utilise les outils du th\u00e9\u00e2tre pour travailler sur des objectifs professionnels et\/ou personnels.<\/p>\n\n\n\n<h4 class=\"wp-block-heading\"><mark style=\"background-color:rgba(0, 0, 0, 0)\" class=\"has-inline-color has-vivid-purple-color\">Mes outils principaux : le th\u00e9\u00e2tre, l&rsquo;expression corporelle, l&rsquo;improvisation, la voix, le th\u00e9\u00e2tre image, le th\u00e9\u00e2tre introspectif et le th\u00e9\u00e2tre forum.<\/mark><\/h4>\n\n\n\n<p>Convaincue que ces disciplines sont <strong>b\u00e9n\u00e9fiques pour nos comp\u00e9tences personnelles<\/strong>, je propose des prestations personnalis\u00e9es dans tout type d&rsquo;organisations et avec tous types de profils .<\/p>\n\n\n\n<p>Depuis 10 ans je cr\u00e9\u00e9 des formations sur mesure sur tous types de sujets avec l&rsquo;angle pratique du th\u00e9\u00e2tre qui apporte un c\u00f4t\u00e9 <strong>ludique, \u00e9motionnel et exp\u00e9rientiel.<\/strong><\/p>\n\n\n\n<p>Je propose r\u00e9guli\u00e8rement des <strong>prestations artistiques sur-mesure <\/strong>pour les entreprises, collectivit\u00e9s, \u00e9tablissements scolaires ou encore associations, et particuli\u00e8rement ces derni\u00e8res ann\u00e9es dans les domaines de<strong> la sant\u00e9 (physique ou mentale), du social ou encore de la petite enfance.<\/strong><\/p>\n\n\n\n<p>En entreprise, j&rsquo;anime toute l&rsquo;ann\u00e9e des <strong>ateliers de coh\u00e9sions d&rsquo;\u00e9quipe<\/strong> personnalis\u00e9s en fonction de vos objectifs.<\/p>\n\n\n\n<h4 class=\"wp-block-heading\"><mark style=\"background-color:rgba(0, 0, 0, 0)\" class=\"has-inline-color has-vivid-purple-color\">Mes domaines de pr\u00e9dilection : <br><\/mark>&#8211; Coh\u00e9sion d\u2019\u00e9quipe \/ Intelligence collective<br>&#8211; Prise de parole en public \/ Concours d\u2019\u00e9loquence <br>&#8211; Intelligence \u00e9motionnelle et relationnelle \/ Sant\u00e9 mentale et physique<br>&#8211; Pr\u00e9vention ou sensibilisation via le th\u00e9\u00e2tre forum<br>&#8211; Spectacles personnalis\u00e9s \/ Spectacles d&rsquo;improvisation<br>&#8211; Ecriture de spectacle et podcast \/ Mise en sc\u00e8ne<\/h4>\n\n\n\n<p><em>Comp\u00e9tences additionnelles : Secouriste en sant\u00e9 mentale, Form\u00e9e aux bases de la PNL (Programmation Neurolinguistique, adepte de CNV (Communication Non Violente) <\/em><\/p>\n\n\n\n<p><\/p>\n\n\n\n<p>Me suivre sur les r\u00e9seaux sociaux :<\/p>\n\n\n\n<ul class=\"wp-block-social-links is-layout-flex wp-block-social-links-is-layout-flex\"><li class=\"wp-social-link wp-social-link-facebook  wp-block-social-link\"><a href=\"https:\/\/www.facebook.com\/pdrevon\" class=\"wp-block-social-link-anchor\"><svg width=\"24\" height=\"24\" viewBox=\"0 0 24 24\" version=\"1.1\" xmlns=\"http:\/\/www.w3.org\/2000\/svg\" aria-hidden=\"true\" focusable=\"false\"><path d=\"M12 2C6.5 2 2 6.5 2 12c0 5 3.7 9.1 8.4 9.9v-7H7.9V12h2.5V9.8c0-2.5 1.5-3.9 3.8-3.9 1.1 0 2.2.2 2.2.2v2.5h-1.3c-1.2 0-1.6.8-1.6 1.6V12h2.8l-.4 2.9h-2.3v7C18.3 21.1 22 17 22 12c0-5.5-4.5-10-10-10z\"><\/path><\/svg><span class=\"wp-block-social-link-label screen-reader-text\">Facebook<\/span><\/a><\/li>\n\n<li class=\"wp-social-link wp-social-link-instagram  wp-block-social-link\"><a href=\"https:\/\/www.instagram.com\/peroline.drevon\/\" class=\"wp-block-social-link-anchor\"><svg width=\"24\" height=\"24\" viewBox=\"0 0 24 24\" version=\"1.1\" xmlns=\"http:\/\/www.w3.org\/2000\/svg\" aria-hidden=\"true\" focusable=\"false\"><path d=\"M12,4.622c2.403,0,2.688,0.009,3.637,0.052c0.877,0.04,1.354,0.187,1.671,0.31c0.42,0.163,0.72,0.358,1.035,0.673 c0.315,0.315,0.51,0.615,0.673,1.035c0.123,0.317,0.27,0.794,0.31,1.671c0.043,0.949,0.052,1.234,0.052,3.637 s-0.009,2.688-0.052,3.637c-0.04,0.877-0.187,1.354-0.31,1.671c-0.163,0.42-0.358,0.72-0.673,1.035 c-0.315,0.315-0.615,0.51-1.035,0.673c-0.317,0.123-0.794,0.27-1.671,0.31c-0.949,0.043-1.233,0.052-3.637,0.052 s-2.688-0.009-3.637-0.052c-0.877-0.04-1.354-0.187-1.671-0.31c-0.42-0.163-0.72-0.358-1.035-0.673 c-0.315-0.315-0.51-0.615-0.673-1.035c-0.123-0.317-0.27-0.794-0.31-1.671C4.631,14.688,4.622,14.403,4.622,12 s0.009-2.688,0.052-3.637c0.04-0.877,0.187-1.354,0.31-1.671c0.163-0.42,0.358-0.72,0.673-1.035 c0.315-0.315,0.615-0.51,1.035-0.673c0.317-0.123,0.794-0.27,1.671-0.31C9.312,4.631,9.597,4.622,12,4.622 M12,3 C9.556,3,9.249,3.01,8.289,3.054C7.331,3.098,6.677,3.25,6.105,3.472C5.513,3.702,5.011,4.01,4.511,4.511 c-0.5,0.5-0.808,1.002-1.038,1.594C3.25,6.677,3.098,7.331,3.054,8.289C3.01,9.249,3,9.556,3,12c0,2.444,0.01,2.751,0.054,3.711 c0.044,0.958,0.196,1.612,0.418,2.185c0.23,0.592,0.538,1.094,1.038,1.594c0.5,0.5,1.002,0.808,1.594,1.038 c0.572,0.222,1.227,0.375,2.185,0.418C9.249,20.99,9.556,21,12,21s2.751-0.01,3.711-0.054c0.958-0.044,1.612-0.196,2.185-0.418 c0.592-0.23,1.094-0.538,1.594-1.038c0.5-0.5,0.808-1.002,1.038-1.594c0.222-0.572,0.375-1.227,0.418-2.185 C20.99,14.751,21,14.444,21,12s-0.01-2.751-0.054-3.711c-0.044-0.958-0.196-1.612-0.418-2.185c-0.23-0.592-0.538-1.094-1.038-1.594 c-0.5-0.5-1.002-0.808-1.594-1.038c-0.572-0.222-1.227-0.375-2.185-0.418C14.751,3.01,14.444,3,12,3L12,3z M12,7.378 c-2.552,0-4.622,2.069-4.622,4.622S9.448,16.622,12,16.622s4.622-2.069,4.622-4.622S14.552,7.378,12,7.378z M12,15 c-1.657,0-3-1.343-3-3s1.343-3,3-3s3,1.343,3,3S13.657,15,12,15z M16.804,6.116c-0.596,0-1.08,0.484-1.08,1.08 s0.484,1.08,1.08,1.08c0.596,0,1.08-0.484,1.08-1.08S17.401,6.116,16.804,6.116z\"><\/path><\/svg><span class=\"wp-block-social-link-label screen-reader-text\">Instagram<\/span><\/a><\/li>\n\n<li class=\"wp-social-link wp-social-link-linkedin  wp-block-social-link\"><a href=\"https:\/\/www.linkedin.com\/in\/p%C3%A9roline-drevon-5b397b136\/\" class=\"wp-block-social-link-anchor\"><svg width=\"24\" height=\"24\" viewBox=\"0 0 24 24\" version=\"1.1\" xmlns=\"http:\/\/www.w3.org\/2000\/svg\" aria-hidden=\"true\" focusable=\"false\"><path d=\"M19.7,3H4.3C3.582,3,3,3.582,3,4.3v15.4C3,20.418,3.582,21,4.3,21h15.4c0.718,0,1.3-0.582,1.3-1.3V4.3 C21,3.582,20.418,3,19.7,3z M8.339,18.338H5.667v-8.59h2.672V18.338z M7.004,8.574c-0.857,0-1.549-0.694-1.549-1.548 c0-0.855,0.691-1.548,1.549-1.548c0.854,0,1.547,0.694,1.547,1.548C8.551,7.881,7.858,8.574,7.004,8.574z M18.339,18.338h-2.669 v-4.177c0-0.996-0.017-2.278-1.387-2.278c-1.389,0-1.601,1.086-1.601,2.206v4.249h-2.667v-8.59h2.559v1.174h0.037 c0.356-0.675,1.227-1.387,2.526-1.387c2.703,0,3.203,1.779,3.203,4.092V18.338z\"><\/path><\/svg><span class=\"wp-block-social-link-label screen-reader-text\">LinkedIn<\/span><\/a><\/li><\/ul>\n\n\n\n<p><\/p>\n","protected":false},"excerpt":{"rendered":"<p>P\u00e9roline DREVON COMEDIENNE \u2013 AUTRICE \u2013 CHANTEUSE \u2013 VOIX OFF \u2014 FORMATRICE \u2013 THEATRE FORUM Com\u00e9dienne et cuisini\u00e8re du sensible, je transforme en art les ingr\u00e9dients de la vie. Apr\u00e8s avoir cr\u00e9\u00e9 en 2014 le premier th\u00e9\u00e2tre de France d\u00e9di\u00e9 \u00e0 l&rsquo;art de l&rsquo;improvisation, je cr\u00e9\u00e9en 2017 l&rsquo;entreprise INSTANT T , qui utilise les outils [&hellip;]<\/p>\n","protected":false},"author":1,"featured_media":0,"parent":0,"menu_order":0,"comment_status":"closed","ping_status":"closed","template":"","meta":{"footnotes":""},"class_list":["post-1759","page","type-page","status-publish","hentry"],"_links":{"self":[{"href":"https:\/\/perolinedrevon.fr\/index.php?rest_route=\/wp\/v2\/pages\/1759","targetHints":{"allow":["GET"]}}],"collection":[{"href":"https:\/\/perolinedrevon.fr\/index.php?rest_route=\/wp\/v2\/pages"}],"about":[{"href":"https:\/\/perolinedrevon.fr\/index.php?rest_route=\/wp\/v2\/types\/page"}],"author":[{"embeddable":true,"href":"https:\/\/perolinedrevon.fr\/index.php?rest_route=\/wp\/v2\/users\/1"}],"replies":[{"embeddable":true,"href":"https:\/\/perolinedrevon.fr\/index.php?rest_route=%2Fwp%2Fv2%2Fcomments&post=1759"}],"version-history":[{"count":10,"href":"https:\/\/perolinedrevon.fr\/index.php?rest_route=\/wp\/v2\/pages\/1759\/revisions"}],"predecessor-version":[{"id":1885,"href":"https:\/\/perolinedrevon.fr\/index.php?rest_route=\/wp\/v2\/pages\/1759\/revisions\/1885"}],"wp:attachment":[{"href":"https:\/\/perolinedrevon.fr\/index.php?rest_route=%2Fwp%2Fv2%2Fmedia&parent=1759"}],"curies":[{"name":"wp","href":"https:\/\/api.w.org\/{rel}","templated":true}]}}