{"id":1886,"date":"2025-10-06T21:46:27","date_gmt":"2025-10-06T19:46:27","guid":{"rendered":"https:\/\/perolinedrevon.fr\/?page_id=1886"},"modified":"2025-10-06T21:46:27","modified_gmt":"2025-10-06T19:46:27","slug":"a-voix-haute","status":"publish","type":"page","link":"https:\/\/perolinedrevon.fr\/?page_id=1886","title":{"rendered":"A VOIX HAUTE"},"content":{"rendered":"\n<h2 class=\"wp-block-heading\">Histoires chuchot\u00e9es &#8230; enfin entendues <\/h2>\n\n\n\n<figure class=\"wp-block-image size-large is-resized\"><img fetchpriority=\"high\" decoding=\"async\" width=\"724\" height=\"1024\" src=\"https:\/\/perolinedrevon.fr\/wp-content\/uploads\/2025\/10\/Rose-Bleu-et-Noir-Degrade-Cyber-Spectacle-Danse-Affiche-2-724x1024.jpg\" alt=\"\" class=\"wp-image-1887\" style=\"width:600px\" srcset=\"https:\/\/perolinedrevon.fr\/wp-content\/uploads\/2025\/10\/Rose-Bleu-et-Noir-Degrade-Cyber-Spectacle-Danse-Affiche-2-724x1024.jpg 724w, https:\/\/perolinedrevon.fr\/wp-content\/uploads\/2025\/10\/Rose-Bleu-et-Noir-Degrade-Cyber-Spectacle-Danse-Affiche-2-212x300.jpg 212w, https:\/\/perolinedrevon.fr\/wp-content\/uploads\/2025\/10\/Rose-Bleu-et-Noir-Degrade-Cyber-Spectacle-Danse-Affiche-2-768x1086.jpg 768w, https:\/\/perolinedrevon.fr\/wp-content\/uploads\/2025\/10\/Rose-Bleu-et-Noir-Degrade-Cyber-Spectacle-Danse-Affiche-2-1086x1536.jpg 1086w, https:\/\/perolinedrevon.fr\/wp-content\/uploads\/2025\/10\/Rose-Bleu-et-Noir-Degrade-Cyber-Spectacle-Danse-Affiche-2.jpg 1414w\" sizes=\"(max-width: 724px) 100vw, 724px\" \/><\/figure>\n\n\n\n<p><strong><mark style=\"background-color:rgba(0, 0, 0, 0)\" class=\"has-inline-color has-light-green-cyan-color\">DESCRIPTIF<\/mark><\/strong><\/p>\n\n\n\n<p>\u00ab\u00a0\u00c0 Voix Haute\u00a0\u00bb est un spectacle d\u2019improvisation unique en son genre, o\u00f9 les com\u00e9dien-ne-s explorent, avec d\u00e9licatesse et humour ces sujets que l\u2019on pr\u00e9f\u00e8re souvent taire : Maladie, mort, sant\u00e9 mentale, fin de vie, corps, handicap visible ou invisible, honte\u2026<\/p>\n\n\n\n<p>Une sc\u00e8ne vivante, un public complice, une parole lib\u00e9r\u00e9e et des histoires improvis\u00e9es qui disent tout haut ce qu\u2019on pense (ou vit) tout bas.<\/p>\n\n\n\n<p>Entre rire, tendresse et moments suspendus, \u201cA Voix Haute\u201d vous invite \u00e0 lever les silences, avec respect et amour.<\/p>\n\n\n\n<p><strong>Un spectacle o\u00f9 l\u2019on apprend, o\u00f9 l\u2019on se reconna\u00eet, et surtout : o\u00f9 l\u2019on se sent moins seul.<\/strong><\/p>\n\n\n\n<p>&#8212;&#8212;&#8212;&#8212;&#8212;&#8212;&#8212;&#8212;&#8212;&#8212;&#8212;&#8212;&#8212;&#8212;<\/p>\n\n\n\n<p><strong><mark style=\"background-color:rgba(0, 0, 0, 0)\" class=\"has-inline-color has-light-green-cyan-color\">LE SPECTACLE : <\/mark><\/strong><\/p>\n\n\n\n<p>A voix haute est un spectacle de th\u00e9\u00e2tre spontan\u00e9, port\u00e9 par deux com\u00e9dien-ne-s, <a href=\"https:\/\/perolinedrevon.fr\" target=\"_blank\" rel=\"noreferrer noopener\">P\u00e9roline DREVON<\/a> et <a href=\"https:\/\/thierrybilisko.com\" target=\"_blank\" rel=\"noreferrer noopener\">Thierry BILISKO<\/a>. A chaque repr\u00e9sentation, le public choisit un <strong>sujet tabou <\/strong>qui sera le sujet de l\u2019ensemble du spectacle.  Un <strong>temps d\u2019\u00e9change<\/strong> de 10 \u00e0 15 minutes entre spectateur-ice-s et com\u00e9dien-ne-s donnera lieu \u00e0 un spectacle unique sur un sujet rarement abord\u00e9 en improvisation.<\/p>\n\n\n\n<p>&#8212;&#8212;&#8212;&#8212;&#8212;&#8212;&#8212;&#8212;&#8212;&#8212;&#8212;&#8212;&#8212;&#8212;-<\/p>\n\n\n\n<p><strong><mark style=\"background-color:rgba(0, 0, 0, 0)\" class=\"has-inline-color has-light-green-cyan-color\">LA VOLONTE ARTISTIQUE ET CITOYENNE  : <\/mark><\/strong><\/p>\n\n\n\n<p><strong>Lib\u00e9rer la parole !<\/strong> Combien de personnes osent prendre la parole sur le mal qui les rongent apr\u00e8s avoir entendu un t\u00e9moignage? Donner l\u2019exemple et parler de sujets sensibles est une des voies possibles pour aider \u00e0 lib\u00e9rer la parole&#8230;<\/p>\n\n\n\n<p><strong>La p\u00e9dagogie <\/strong>! Au del\u00e0 de l\u2019humour ou de la tendresse des sc\u00e8nes, le spectacle vise \u00e9galement \u00e0 montrer des bonnes pratiques pour que chaque spectateur-ice reparte avec de nouveaux angles de r\u00e9flexion.<\/p>\n\n\n\n<p><strong>Rendre visibles les sujets invisibles !<\/strong> Ce qui rend un sujet tabou, c\u2019est l\u2019absence ou le peu de place qu\u2019il occupe dans l\u2019espace public. Le rendre visible en nous programmant, c\u2019est militer avec nous pour la visibilit\u00e9 de ces sujets.<\/p>\n\n\n\n<p>&#8212;&#8212;&#8212;&#8212;&#8212;&#8212;&#8212;&#8212;&#8212;&#8212;&#8212;&#8212;&#8212;&#8212;-<\/p>\n\n\n\n<p>Nous programmer : <a href=\"mailto:instantt.drevon@gmail.com\">instantt.drevon@gmail.com<\/a><\/p>\n","protected":false},"excerpt":{"rendered":"<p>Histoires chuchot\u00e9es &#8230; enfin entendues DESCRIPTIF \u00ab\u00a0\u00c0 Voix Haute\u00a0\u00bb est un spectacle d\u2019improvisation unique en son genre, o\u00f9 les com\u00e9dien-ne-s explorent, avec d\u00e9licatesse et humour ces sujets que l\u2019on pr\u00e9f\u00e8re souvent taire : Maladie, mort, sant\u00e9 mentale, fin de vie, corps, handicap visible ou invisible, honte\u2026 Une sc\u00e8ne vivante, un public complice, une parole lib\u00e9r\u00e9e [&hellip;]<\/p>\n","protected":false},"author":1,"featured_media":0,"parent":0,"menu_order":0,"comment_status":"closed","ping_status":"closed","template":"","meta":{"footnotes":""},"class_list":["post-1886","page","type-page","status-publish","hentry"],"_links":{"self":[{"href":"https:\/\/perolinedrevon.fr\/index.php?rest_route=\/wp\/v2\/pages\/1886","targetHints":{"allow":["GET"]}}],"collection":[{"href":"https:\/\/perolinedrevon.fr\/index.php?rest_route=\/wp\/v2\/pages"}],"about":[{"href":"https:\/\/perolinedrevon.fr\/index.php?rest_route=\/wp\/v2\/types\/page"}],"author":[{"embeddable":true,"href":"https:\/\/perolinedrevon.fr\/index.php?rest_route=\/wp\/v2\/users\/1"}],"replies":[{"embeddable":true,"href":"https:\/\/perolinedrevon.fr\/index.php?rest_route=%2Fwp%2Fv2%2Fcomments&post=1886"}],"version-history":[{"count":2,"href":"https:\/\/perolinedrevon.fr\/index.php?rest_route=\/wp\/v2\/pages\/1886\/revisions"}],"predecessor-version":[{"id":1889,"href":"https:\/\/perolinedrevon.fr\/index.php?rest_route=\/wp\/v2\/pages\/1886\/revisions\/1889"}],"wp:attachment":[{"href":"https:\/\/perolinedrevon.fr\/index.php?rest_route=%2Fwp%2Fv2%2Fmedia&parent=1886"}],"curies":[{"name":"wp","href":"https:\/\/api.w.org\/{rel}","templated":true}]}}