{"id":1920,"date":"2025-11-19T10:12:17","date_gmt":"2025-11-19T09:12:17","guid":{"rendered":"https:\/\/perolinedrevon.fr\/?page_id=1920"},"modified":"2025-11-19T10:12:18","modified_gmt":"2025-11-19T09:12:18","slug":"vulnerable","status":"publish","type":"page","link":"https:\/\/perolinedrevon.fr\/?page_id=1920","title":{"rendered":"VULNERABLE"},"content":{"rendered":"\n<h2 class=\"wp-block-heading\">L&rsquo;intime qui nous relie<\/h2>\n\n\n\n<figure class=\"wp-block-image size-large\"><img fetchpriority=\"high\" decoding=\"async\" width=\"724\" height=\"1024\" src=\"https:\/\/perolinedrevon.fr\/wp-content\/uploads\/2025\/11\/Vulnerable-1-2-724x1024.png\" alt=\"\" class=\"wp-image-1921\" srcset=\"https:\/\/perolinedrevon.fr\/wp-content\/uploads\/2025\/11\/Vulnerable-1-2-724x1024.png 724w, https:\/\/perolinedrevon.fr\/wp-content\/uploads\/2025\/11\/Vulnerable-1-2-212x300.png 212w, https:\/\/perolinedrevon.fr\/wp-content\/uploads\/2025\/11\/Vulnerable-1-2-768x1086.png 768w, https:\/\/perolinedrevon.fr\/wp-content\/uploads\/2025\/11\/Vulnerable-1-2-1086x1536.png 1086w, https:\/\/perolinedrevon.fr\/wp-content\/uploads\/2025\/11\/Vulnerable-1-2.png 1414w\" sizes=\"(max-width: 724px) 100vw, 724px\" \/><\/figure>\n\n\n\n<h2 class=\"wp-block-heading\">Descriptif du spectacle <\/h2>\n\n\n\n<p><strong>\u201cVuln\u00e9rable\u201d est un spectacle qui rend hommage \u00e0 nos parts de vuln\u00e9rabilit\u00e9.<\/strong><\/p>\n\n\n\n<p>Comment montrer ses fragilit\u00e9s, s\u2019en servir ou non, les d\u00e9voiler ou les cacher ?<\/p>\n\n\n\n<p>Un moment alliant tendresse et l\u00e9g\u00e8ret\u00e9 autour d\u2019un sujet universel.<\/p>\n\n\n\n<p>Une mise en lumi\u00e8re n\u00e9e de l\u2019\u00e9change avec le public, tiss\u00e9e dans la magie de l\u2019instant, pour c\u00e9l\u00e9brer la d\u00e9licatesse de nos fragilit\u00e9s.<\/p>\n\n\n\n<p><\/p>\n\n\n\n<h2 class=\"wp-block-heading\">Raison d&rsquo;\u00eatre du spectacle <\/h2>\n\n\n\n<ul class=\"wp-block-list\">\n<li>Rendre visible nos parts vuln\u00e9rables<\/li>\n<\/ul>\n\n\n\n<ul class=\"wp-block-list\">\n<li>Amener \u00e0 ch\u00e9rir nos fragilit\u00e9s<\/li>\n<\/ul>\n\n\n\n<ul class=\"wp-block-list\">\n<li>Ouvrir la voix \u00e0 l\u2019expression de nos failles<\/li>\n<\/ul>\n\n\n\n<ul class=\"wp-block-list\">\n<li>Montrer que la vuln\u00e9rabilit\u00e9 est commune et multiple<\/li>\n<\/ul>\n\n\n\n<p><\/p>\n\n\n\n<p><\/p>\n\n\n\n<p><em>Nous programmer : 0623582138 ou instantt.drevon@gmail.com<\/em><\/p>\n\n\n\n<p><\/p>\n","protected":false},"excerpt":{"rendered":"<p>L&rsquo;intime qui nous relie Descriptif du spectacle \u201cVuln\u00e9rable\u201d est un spectacle qui rend hommage \u00e0 nos parts de vuln\u00e9rabilit\u00e9. Comment montrer ses fragilit\u00e9s, s\u2019en servir ou non, les d\u00e9voiler ou les cacher ? Un moment alliant tendresse et l\u00e9g\u00e8ret\u00e9 autour d\u2019un sujet universel. Une mise en lumi\u00e8re n\u00e9e de l\u2019\u00e9change avec le public, tiss\u00e9e dans [&hellip;]<\/p>\n","protected":false},"author":1,"featured_media":0,"parent":0,"menu_order":0,"comment_status":"closed","ping_status":"closed","template":"","meta":{"footnotes":""},"class_list":["post-1920","page","type-page","status-publish","hentry"],"_links":{"self":[{"href":"https:\/\/perolinedrevon.fr\/index.php?rest_route=\/wp\/v2\/pages\/1920","targetHints":{"allow":["GET"]}}],"collection":[{"href":"https:\/\/perolinedrevon.fr\/index.php?rest_route=\/wp\/v2\/pages"}],"about":[{"href":"https:\/\/perolinedrevon.fr\/index.php?rest_route=\/wp\/v2\/types\/page"}],"author":[{"embeddable":true,"href":"https:\/\/perolinedrevon.fr\/index.php?rest_route=\/wp\/v2\/users\/1"}],"replies":[{"embeddable":true,"href":"https:\/\/perolinedrevon.fr\/index.php?rest_route=%2Fwp%2Fv2%2Fcomments&post=1920"}],"version-history":[{"count":1,"href":"https:\/\/perolinedrevon.fr\/index.php?rest_route=\/wp\/v2\/pages\/1920\/revisions"}],"predecessor-version":[{"id":1922,"href":"https:\/\/perolinedrevon.fr\/index.php?rest_route=\/wp\/v2\/pages\/1920\/revisions\/1922"}],"wp:attachment":[{"href":"https:\/\/perolinedrevon.fr\/index.php?rest_route=%2Fwp%2Fv2%2Fmedia&parent=1920"}],"curies":[{"name":"wp","href":"https:\/\/api.w.org\/{rel}","templated":true}]}}