{"id":23,"date":"2019-07-16T11:14:56","date_gmt":"2019-07-16T09:14:56","guid":{"rendered":"http:\/\/perolinedrevon.fr\/?page_id=23"},"modified":"2025-11-19T10:13:23","modified_gmt":"2025-11-19T09:13:23","slug":"mes-spectcales","status":"publish","type":"page","link":"https:\/\/perolinedrevon.fr\/?page_id=23","title":{"rendered":"SPECTACLES"},"content":{"rendered":"\n<figure class=\"wp-block-image size-large is-style-default\"><a href=\"https:\/\/perolinedrevon.fr\/?page_id=963\"><img fetchpriority=\"high\" decoding=\"async\" width=\"720\" height=\"1024\" src=\"https:\/\/perolinedrevon.fr\/wp-content\/uploads\/2024\/12\/AFFICHE-V1-3-720x1024.jpg\" alt=\"\" class=\"wp-image-1414\" style=\"object-fit:cover\" srcset=\"https:\/\/perolinedrevon.fr\/wp-content\/uploads\/2024\/12\/AFFICHE-V1-3-720x1024.jpg 720w, https:\/\/perolinedrevon.fr\/wp-content\/uploads\/2024\/12\/AFFICHE-V1-3-211x300.jpg 211w, https:\/\/perolinedrevon.fr\/wp-content\/uploads\/2024\/12\/AFFICHE-V1-3-768x1092.jpg 768w, https:\/\/perolinedrevon.fr\/wp-content\/uploads\/2024\/12\/AFFICHE-V1-3-1080x1536.jpg 1080w, https:\/\/perolinedrevon.fr\/wp-content\/uploads\/2024\/12\/AFFICHE-V1-3.jpg 1277w\" sizes=\"(max-width: 720px) 100vw, 720px\" \/><\/a><\/figure>\n\n\n\n<p><a href=\"https:\/\/perolinedrevon.fr\/?page_id=963\"><strong>Style : <\/strong>Th\u00e9\u00e2tre et chanson fran\u00e7aise, dr\u00f4le et touchant<\/a><\/p>\n\n\n\n<p><a href=\"https:\/\/perolinedrevon.fr\/?page_id=963\"><strong>Sujet : <\/strong>Cancer du sein, gu\u00e9rison, r\u00e9silience, les aidants, les soignants, la maladie<\/a><\/p>\n\n\n\n<p><a href=\"https:\/\/perolinedrevon.fr\/?page_id=963\"><strong>Objectif :<\/strong> Lib\u00e9rer la parole \/ Mettre les patients, les aidants et les soignants au c\u0153ur de la r\u00e9silience<\/a><\/p>\n\n\n\n<p><\/p>\n\n\n\n<div class=\"wp-block-columns is-layout-flex wp-container-core-columns-is-layout-9d6595d7 wp-block-columns-is-layout-flex\">\n<div class=\"wp-block-column is-layout-flow wp-block-column-is-layout-flow\">\n<figure class=\"wp-block-gallery has-nested-images columns-default is-cropped wp-block-gallery-1 is-layout-flex wp-block-gallery-is-layout-flex\">\n<figure class=\"wp-block-image size-large\"><a href=\"https:\/\/perolinedrevon.fr\/?page_id=31\"><img decoding=\"async\" width=\"724\" height=\"1024\" data-id=\"1863\" src=\"https:\/\/perolinedrevon.fr\/wp-content\/uploads\/2025\/09\/LENDROIT-724x1024.jpg\" alt=\"\" class=\"wp-image-1863\" srcset=\"https:\/\/perolinedrevon.fr\/wp-content\/uploads\/2025\/09\/LENDROIT-724x1024.jpg 724w, https:\/\/perolinedrevon.fr\/wp-content\/uploads\/2025\/09\/LENDROIT-212x300.jpg 212w, https:\/\/perolinedrevon.fr\/wp-content\/uploads\/2025\/09\/LENDROIT-768x1086.jpg 768w, https:\/\/perolinedrevon.fr\/wp-content\/uploads\/2025\/09\/LENDROIT-1086x1536.jpg 1086w, https:\/\/perolinedrevon.fr\/wp-content\/uploads\/2025\/09\/LENDROIT-1448x2048.jpg 1448w, https:\/\/perolinedrevon.fr\/wp-content\/uploads\/2025\/09\/LENDROIT.jpg 1587w\" sizes=\"(max-width: 724px) 100vw, 724px\" \/><\/a><\/figure>\n<\/figure>\n\n\n\n<p><a href=\"https:\/\/perolinedrevon.fr\/?page_id=31\"><strong>Style : <\/strong>Improvisation th\u00e9\u00e2trale avec un musicien, humour<\/a><\/p>\n\n\n\n<p><a href=\"https:\/\/perolinedrevon.fr\/?page_id=31\"><strong>Sujet : <\/strong>Valoriser un lieu en improvisant des sc\u00e8nes quotidiennes, d\u00e9cal\u00e9es et absurdes de cet endroit.<\/a><\/p>\n\n\n\n<p><a href=\"https:\/\/perolinedrevon.fr\/?page_id=31\"><strong>Objectif : <\/strong>Parler d&rsquo;un lieu autrement, rendre m\u00e9morable un \u00e9v\u00e8nement, f\u00e9d\u00e9rer autour un endroit et de ce qu&rsquo;il s&rsquo;y passe<\/a><\/p>\n<\/div>\n<\/div>\n\n\n\n<p><\/p>\n\n\n\n<div class=\"wp-block-group\"><div class=\"wp-block-group__inner-container is-layout-constrained wp-block-group-is-layout-constrained\">\n<div class=\"wp-block-columns is-layout-flex wp-container-core-columns-is-layout-9d6595d7 wp-block-columns-is-layout-flex\">\n<div class=\"wp-block-column is-layout-flow wp-block-column-is-layout-flow\" style=\"flex-basis:100%\">\n<figure class=\"wp-block-gallery has-nested-images columns-default is-cropped wp-block-gallery-2 is-layout-flex wp-block-gallery-is-layout-flex\">\n<figure class=\"wp-block-image size-large\"><a href=\"https:\/\/perolinedrevon.fr\/?page_id=784\"><img decoding=\"async\" width=\"724\" height=\"1024\" data-id=\"1408\" src=\"https:\/\/perolinedrevon.fr\/wp-content\/uploads\/2024\/12\/Entre-generations-1-724x1024.jpg\" alt=\"\" class=\"wp-image-1408\" srcset=\"https:\/\/perolinedrevon.fr\/wp-content\/uploads\/2024\/12\/Entre-generations-1-724x1024.jpg 724w, https:\/\/perolinedrevon.fr\/wp-content\/uploads\/2024\/12\/Entre-generations-1-212x300.jpg 212w, https:\/\/perolinedrevon.fr\/wp-content\/uploads\/2024\/12\/Entre-generations-1-768x1086.jpg 768w, https:\/\/perolinedrevon.fr\/wp-content\/uploads\/2024\/12\/Entre-generations-1-1086x1536.jpg 1086w, https:\/\/perolinedrevon.fr\/wp-content\/uploads\/2024\/12\/Entre-generations-1.jpg 1414w\" sizes=\"(max-width: 724px) 100vw, 724px\" \/><\/a><\/figure>\n<\/figure>\n<\/div>\n<\/div>\n<\/div><\/div>\n\n\n\n<p><a href=\"https:\/\/perolinedrevon.fr\/?page_id=784\"><strong>Style :<\/strong> Improvisation th\u00e9\u00e2trale avec un musicien, humour et tendresse<\/a><\/p>\n\n\n\n<p><a href=\"https:\/\/perolinedrevon.fr\/?page_id=784\"><strong>Sujet : <\/strong>Le lien entre les g\u00e9n\u00e9rations, ce que l&rsquo;on se transmet, ce que l&rsquo;on admire, ce qui reste des g\u00e9n\u00e9rations pr\u00e9c\u00e9dentes avec le temps qui passe &#8230;<\/a><\/p>\n\n\n\n<p><a href=\"https:\/\/perolinedrevon.fr\/?page_id=784\"><strong>Objectif : <\/strong>Rassembler les diff\u00e9rentes g\u00e9n\u00e9rations, cr\u00e9er du lien, mettre en lumi\u00e8re ce que l&rsquo;on s&rsquo;apporte entre g\u00e9n\u00e9rations<\/a><\/p>\n\n\n\n<figure class=\"wp-block-image size-large is-resized\"><a href=\"https:\/\/perolinedrevon.fr\/?page_id=1886&amp;preview=true\"><img loading=\"lazy\" decoding=\"async\" width=\"724\" height=\"1024\" src=\"https:\/\/perolinedrevon.fr\/wp-content\/uploads\/2025\/10\/Rose-Bleu-et-Noir-Degrade-Cyber-Spectacle-Danse-Affiche-2-1-724x1024.jpg\" alt=\"\" class=\"wp-image-1890\" style=\"width:840px;height:auto\" srcset=\"https:\/\/perolinedrevon.fr\/wp-content\/uploads\/2025\/10\/Rose-Bleu-et-Noir-Degrade-Cyber-Spectacle-Danse-Affiche-2-1-724x1024.jpg 724w, https:\/\/perolinedrevon.fr\/wp-content\/uploads\/2025\/10\/Rose-Bleu-et-Noir-Degrade-Cyber-Spectacle-Danse-Affiche-2-1-212x300.jpg 212w, https:\/\/perolinedrevon.fr\/wp-content\/uploads\/2025\/10\/Rose-Bleu-et-Noir-Degrade-Cyber-Spectacle-Danse-Affiche-2-1-768x1086.jpg 768w, https:\/\/perolinedrevon.fr\/wp-content\/uploads\/2025\/10\/Rose-Bleu-et-Noir-Degrade-Cyber-Spectacle-Danse-Affiche-2-1-1086x1536.jpg 1086w, https:\/\/perolinedrevon.fr\/wp-content\/uploads\/2025\/10\/Rose-Bleu-et-Noir-Degrade-Cyber-Spectacle-Danse-Affiche-2-1.jpg 1414w\" sizes=\"(max-width: 724px) 100vw, 724px\" \/><\/a><\/figure>\n\n\n\n<p><a href=\"https:\/\/perolinedrevon.fr\/?page_id=1886&amp;preview=true\">Style : Th\u00e9\u00e2tre spontan\u00e9 cr\u00e9\u00e9 \u00e0 partir d&rsquo;\u00e9changes avec le public<\/a><\/p>\n\n\n\n<p><a href=\"https:\/\/perolinedrevon.fr\/?page_id=1886&amp;preview=true\">Sujet : Tous type de sujets sensibles, tabous ou difficiles \u00e0 aborder avec un public<\/a><\/p>\n\n\n\n<p><a href=\"https:\/\/perolinedrevon.fr\/?page_id=1886&amp;preview=true\">Objectif : Lib\u00e9rer la parole, rendre visible un sujet sensible, aborder un sujet complexe par le biais de l&rsquo;art.<\/a><\/p>\n\n\n\n<figure class=\"wp-block-image size-large\"><a href=\"https:\/\/perolinedrevon.fr\/?page_id=1920\"><img loading=\"lazy\" decoding=\"async\" width=\"724\" height=\"1024\" src=\"https:\/\/perolinedrevon.fr\/wp-content\/uploads\/2025\/11\/Vulnerable-1-1-724x1024.png\" alt=\"\" class=\"wp-image-1918\" srcset=\"https:\/\/perolinedrevon.fr\/wp-content\/uploads\/2025\/11\/Vulnerable-1-1-724x1024.png 724w, https:\/\/perolinedrevon.fr\/wp-content\/uploads\/2025\/11\/Vulnerable-1-1-212x300.png 212w, https:\/\/perolinedrevon.fr\/wp-content\/uploads\/2025\/11\/Vulnerable-1-1-768x1086.png 768w, https:\/\/perolinedrevon.fr\/wp-content\/uploads\/2025\/11\/Vulnerable-1-1-1086x1536.png 1086w, https:\/\/perolinedrevon.fr\/wp-content\/uploads\/2025\/11\/Vulnerable-1-1.png 1414w\" sizes=\"(max-width: 724px) 100vw, 724px\" \/><\/a><\/figure>\n\n\n\n<p><a href=\"https:\/\/perolinedrevon.fr\/?page_id=1920\"><strong>Style :\u00a0 <\/strong>Improvisation th\u00e9\u00e2trale, l\u00e9g\u00e8ret\u00e9, \u00e9motion, po\u00e9sie<\/a><\/p>\n\n\n\n<p><a href=\"https:\/\/perolinedrevon.fr\/?page_id=1920\"><strong>Sujet : <\/strong>\u201cVuln\u00e9rable\u201d est un spectacle qui rend hommage \u00e0 nos parts de vuln\u00e9rabilit\u00e9.<\/a><\/p>\n\n\n\n<p><a href=\"https:\/\/perolinedrevon.fr\/?page_id=1920\"><strong>Objectif : <\/strong>Amener \u00e0 ch\u00e9rir nos fragilit\u00e9s, ouvrir la voix \u00e0 l\u2019expression de nos failles, rendre visible nos parts vuln\u00e9rables, Montrer que la vuln\u00e9rabilit\u00e9 est commune et multiple.<\/a><\/p>\n\n\n\n<p><\/p>\n\n\n\n<div class=\"wp-block-columns is-layout-flex wp-container-core-columns-is-layout-9d6595d7 wp-block-columns-is-layout-flex\">\n<div class=\"wp-block-column is-layout-flow wp-block-column-is-layout-flow\" style=\"flex-basis:100%\">\n<div class=\"wp-block-group is-nowrap is-layout-flex wp-container-core-group-is-layout-ad2f72ca wp-block-group-is-layout-flex\">\n<figure class=\"wp-block-gallery has-nested-images columns-default is-cropped wp-block-gallery-3 is-layout-flex wp-block-gallery-is-layout-flex\">\n<figure class=\"wp-block-image size-large\"><img loading=\"lazy\" decoding=\"async\" width=\"1024\" height=\"1024\" data-id=\"1425\" src=\"https:\/\/perolinedrevon.fr\/wp-content\/uploads\/2024\/12\/Spectacle-de-talents-Scene-Reseaux-sociaux-Publication-1-1-1024x1024.png\" alt=\"\" class=\"wp-image-1425\" srcset=\"https:\/\/perolinedrevon.fr\/wp-content\/uploads\/2024\/12\/Spectacle-de-talents-Scene-Reseaux-sociaux-Publication-1-1-1024x1024.png 1024w, https:\/\/perolinedrevon.fr\/wp-content\/uploads\/2024\/12\/Spectacle-de-talents-Scene-Reseaux-sociaux-Publication-1-1-300x300.png 300w, https:\/\/perolinedrevon.fr\/wp-content\/uploads\/2024\/12\/Spectacle-de-talents-Scene-Reseaux-sociaux-Publication-1-1-150x150.png 150w, https:\/\/perolinedrevon.fr\/wp-content\/uploads\/2024\/12\/Spectacle-de-talents-Scene-Reseaux-sociaux-Publication-1-1-768x768.png 768w, https:\/\/perolinedrevon.fr\/wp-content\/uploads\/2024\/12\/Spectacle-de-talents-Scene-Reseaux-sociaux-Publication-1-1-640x640.png 640w, https:\/\/perolinedrevon.fr\/wp-content\/uploads\/2024\/12\/Spectacle-de-talents-Scene-Reseaux-sociaux-Publication-1-1-720x720.png 720w, https:\/\/perolinedrevon.fr\/wp-content\/uploads\/2024\/12\/Spectacle-de-talents-Scene-Reseaux-sociaux-Publication-1-1-70x70.png 70w, https:\/\/perolinedrevon.fr\/wp-content\/uploads\/2024\/12\/Spectacle-de-talents-Scene-Reseaux-sociaux-Publication-1-1-80x80.png 80w, https:\/\/perolinedrevon.fr\/wp-content\/uploads\/2024\/12\/Spectacle-de-talents-Scene-Reseaux-sociaux-Publication-1-1.png 1080w\" sizes=\"(max-width: 1024px) 100vw, 1024px\" \/><\/figure>\n<\/figure>\n<\/div>\n\n\n\n<p><strong>Style : <\/strong>A convenir ensemble , improvisation, texte, th\u00e9\u00e2tre introspectif, th\u00e9\u00e2tre image, th\u00e9\u00e2tre forum, th\u00e9\u00e2tre en musique, chanson \/  Le style peut \u00eatre adapt\u00e9 \u00e0 vos attentes, humour, po\u00e9sie, absurdit\u00e9, \u00e9mouvant etc&#8230;..<\/p>\n\n\n\n<p><strong>Sujet : <\/strong>Tout les sujets sont abordables                                                                           <\/p>\n\n\n\n<p><strong>Objectifs :<\/strong> Qu&rsquo;elle que soit votre objectif, je vous propose une prestation artistique adapt\u00e9e. <\/p>\n\n\n\n<p><strong>Pour en savoir plus : <\/strong>Me contacter pour une proposition au 0623582138 ou sur instantt.drevon@gmail.com<\/p>\n<\/div>\n<\/div>\n\n\n\n<p>&#8212;&#8212;&#8212;&#8212;&#8212;&#8212;&#8212;&#8212;&#8212;<\/p>\n\n\n\n<p><strong>Retour d&rsquo;exp\u00e9rience client :<\/strong><\/p>\n\n\n\n<p><strong>COMMUNE D\u2019ORLIENAS \/ Prestation &nbsp;: Spectacle priv\u00e9 sur mesure<\/strong> <\/p>\n\n\n\n<p>\u00ab&nbsp;Je n\u2019avais jamais assist\u00e9 \u00e0 un spectacle th\u00e9\u00e2tre d\u2019improvisation!<br>Lorsque l\u2019id\u00e9e d\u2019une telle prestation s\u2019est pr\u00e9sent\u00e9e pour notre journ\u00e9e de f\u00eate de la rentr\u00e9e, j\u2019ai imm\u00e9diatement \u00e9t\u00e9 s\u00e9duite par l\u2019originalit\u00e9 de cette proposition.<br>Lors de ma premi\u00e8re rencontre avec Mme Drevon, elle m\u2019a permis de donner un sens plus concret \u00e0 \u00ab&nbsp;th\u00e9\u00e2tre d\u2019improvisation&nbsp;\u00bb. Il y avait plusieurs possibilit\u00e9s, notamment avec o\u00f9 sans musicien. J\u2019ai choisi avec, et sans h\u00e9sitation ni regret c\u2019est un vrai plus.<br><strong>Ce genre de spectacle est surprenant,<\/strong>&nbsp;avec comme point de d\u00e9part un th\u00e8me que nous avons choisi \u00e0 l\u2019avance et qui est propos\u00e9 \u00e0 l\u2019assembl\u00e9e. Ceux qui le souhaitent, exprime ce que cela leur inspirent, c\u2019est un&nbsp;<strong>temps d\u2019\u00e9change riche<\/strong>&nbsp;car cela n\u2019\u00e9voque pas la m\u00eame id\u00e9e, sentiment, selon les personnes.<br>L\u2019originalit\u00e9 d\u2019interpr\u00e9tation selon l\u2019id\u00e9e \u00e0 jouer, la rapidit\u00e9 d\u2019enchainement, sans oublier l\u2019humour des&nbsp;<strong>com\u00e9diens sont impressionnant.<\/strong> On a du mal \u00e0 croire que rien n\u2019a \u00e9t\u00e9 pens\u00e9 ni r\u00e9p\u00e9t\u00e9 \u00e0 l\u2019avance, major\u00e9 par la connivence qu\u2019il y a entre les 2 acteurs; et l\u2019accompagnement musical totalement raccord soit avec le ton des acteurs soit avec les mouvements de leurs corps.&nbsp;<strong>Epoustouflant !<\/strong><br>Ce spectacle \u00e9tait surprenant, innovant pour bon nombre des spectateurs, musical et dr\u00f4le.<br><strong>A recommander et renouveler !<\/strong>&nbsp;Merci pour se beau moment de d\u00e9tente, tant attendu apr\u00e8s des mois de confinements. Sans doute, un premier spectacle pour la plupart d\u2019entre nous.<br>Gr\u00e2ce \u00e0 vous, nous avons bien commenc\u00e9 l\u2019ann\u00e9e ! Cordialement. \u00ab&nbsp;<br><br><em>Marilyne S\u00e9on \u2013 Maire adjointe \u2013 Commune d\u2019Orli\u00e9nas<\/em><\/p>\n","protected":false},"excerpt":{"rendered":"<p>Style : Th\u00e9\u00e2tre et chanson fran\u00e7aise, dr\u00f4le et touchant Sujet : Cancer du sein, gu\u00e9rison, r\u00e9silience, les aidants, les soignants, la maladie Objectif : Lib\u00e9rer la parole \/ Mettre les patients, les aidants et les soignants au c\u0153ur de la r\u00e9silience Style : Improvisation th\u00e9\u00e2trale avec un musicien, humour Sujet : Valoriser un lieu en [&hellip;]<\/p>\n","protected":false},"author":1,"featured_media":0,"parent":0,"menu_order":0,"comment_status":"closed","ping_status":"closed","template":"","meta":{"footnotes":""},"class_list":["post-23","page","type-page","status-publish","hentry"],"_links":{"self":[{"href":"https:\/\/perolinedrevon.fr\/index.php?rest_route=\/wp\/v2\/pages\/23","targetHints":{"allow":["GET"]}}],"collection":[{"href":"https:\/\/perolinedrevon.fr\/index.php?rest_route=\/wp\/v2\/pages"}],"about":[{"href":"https:\/\/perolinedrevon.fr\/index.php?rest_route=\/wp\/v2\/types\/page"}],"author":[{"embeddable":true,"href":"https:\/\/perolinedrevon.fr\/index.php?rest_route=\/wp\/v2\/users\/1"}],"replies":[{"embeddable":true,"href":"https:\/\/perolinedrevon.fr\/index.php?rest_route=%2Fwp%2Fv2%2Fcomments&post=23"}],"version-history":[{"count":47,"href":"https:\/\/perolinedrevon.fr\/index.php?rest_route=\/wp\/v2\/pages\/23\/revisions"}],"predecessor-version":[{"id":1923,"href":"https:\/\/perolinedrevon.fr\/index.php?rest_route=\/wp\/v2\/pages\/23\/revisions\/1923"}],"wp:attachment":[{"href":"https:\/\/perolinedrevon.fr\/index.php?rest_route=%2Fwp%2Fv2%2Fmedia&parent=23"}],"curies":[{"name":"wp","href":"https:\/\/api.w.org\/{rel}","templated":true}]}}