{"id":31,"date":"2019-07-16T11:14:56","date_gmt":"2019-07-16T09:14:56","guid":{"rendered":"http:\/\/perolinedrevon.fr\/?page_id=31"},"modified":"2025-06-27T09:22:00","modified_gmt":"2025-06-27T07:22:00","slug":"lendroit","status":"publish","type":"page","link":"https:\/\/perolinedrevon.fr\/?page_id=31","title":{"rendered":"L&rsquo;endroit"},"content":{"rendered":"\n<p><\/p>\n\n\n\n<figure class=\"wp-block-image size-large\"><img fetchpriority=\"high\" decoding=\"async\" width=\"724\" height=\"1024\" src=\"https:\/\/perolinedrevon.fr\/wp-content\/uploads\/2024\/12\/LENDROIT-1-724x1024.jpg\" alt=\"\" class=\"wp-image-1388\" srcset=\"https:\/\/perolinedrevon.fr\/wp-content\/uploads\/2024\/12\/LENDROIT-1-724x1024.jpg 724w, https:\/\/perolinedrevon.fr\/wp-content\/uploads\/2024\/12\/LENDROIT-1-212x300.jpg 212w, https:\/\/perolinedrevon.fr\/wp-content\/uploads\/2024\/12\/LENDROIT-1-768x1086.jpg 768w, https:\/\/perolinedrevon.fr\/wp-content\/uploads\/2024\/12\/LENDROIT-1-1086x1536.jpg 1086w, https:\/\/perolinedrevon.fr\/wp-content\/uploads\/2024\/12\/LENDROIT-1-1448x2048.jpg 1448w, https:\/\/perolinedrevon.fr\/wp-content\/uploads\/2024\/12\/LENDROIT-1.jpg 1587w\" sizes=\"(max-width: 724px) 100vw, 724px\" \/><\/figure>\n\n\n\n<p><strong>Ils se croisent sans m\u00eame se regarder et pourtant ils ont tous un point commun&#8230;<\/strong><\/p>\n\n\n\n<p> N&rsquo;avez-vous jamais pris le temps d&rsquo;observer les gens qui passent dans cette petite ruelle que vous arpentez, ou ceux de votre quai de gare le matin, ou encore les personnes qui partagent votre ascenseur chaque jour ?  <br>\u00ab\u00a0L&rsquo;endroit\u00a0\u00bb vous propose de d\u00e9couvrir leurs histoires dans le lieu que vous aurez choisi. Qui sont-ils ? Comment sont-ils reli\u00e9s ?   <br>Cette m\u00e8re de famille qui a l&rsquo;air compl\u00e8tement d\u00e9pass\u00e9e, ce couple amoureux qui flirte depuis peu et semble insouciant, la comm\u00e8re du quartier ravie de son nouveau potin ou encore cet homme discret qui cache un \u00e9norme secret&#8230;  <br>Dr\u00f4les, po\u00e9tiques, touchantes, absurdes, vous risquez d&rsquo;\u00eatre surpris par les histoires qui ont lieu dans&#8230; \u00a0\u00bb L&rsquo;Endroit \u00a0\u00bb ! <\/p>\n\n\n<p><a href=\"http:\/\/www.billetreduc.com\/265304\/evt.htm?nr=1\" target=\"_blank\" rel=\"noopener noreferrer\"><br \/>\nVoir les Critiques et R\u00e9servez vos places sur BilletReduc.com<br \/>\n<\/a><\/p>\n\n\n\n<p> <a href=\"https:\/\/www.facebook.com\/Lendroit-th%C3%A9%C3%A2tre-spontan%C3%A9-111078270730396\">Suivre la page facebook de \u00ab\u00a0L&rsquo;endroit\u00a0\u00bb<\/a> <\/p>\n\n\n\n<p><\/p>\n\n\n\n<div class=\"wp-block-group\"><div class=\"wp-block-group__inner-container is-layout-flow wp-block-group-is-layout-flow\">\n<figure class=\"wp-block-image size-large\"><img decoding=\"async\" width=\"1024\" height=\"683\" src=\"http:\/\/perolinedrevon.fr\/wp-content\/uploads\/2020\/01\/218A2866-1024x683.jpg\" alt=\"\" class=\"wp-image-283\" srcset=\"https:\/\/perolinedrevon.fr\/wp-content\/uploads\/2020\/01\/218A2866-1024x683.jpg 1024w, https:\/\/perolinedrevon.fr\/wp-content\/uploads\/2020\/01\/218A2866-300x200.jpg 300w, https:\/\/perolinedrevon.fr\/wp-content\/uploads\/2020\/01\/218A2866-768x512.jpg 768w, https:\/\/perolinedrevon.fr\/wp-content\/uploads\/2020\/01\/218A2866-1536x1024.jpg 1536w, https:\/\/perolinedrevon.fr\/wp-content\/uploads\/2020\/01\/218A2866-2048x1365.jpg 2048w\" sizes=\"(max-width: 1024px) 100vw, 1024px\" \/><\/figure>\n<\/div><\/div>\n\n\n\n<h4 class=\"wp-block-heading\">Ce qu&rsquo;ils en pensent&#8230;<\/h4>\n\n\n\n<p>Extraits des critiques de spectateurs sur le site <a href=\"https:\/\/www.billetreduc.com\/230377\/evtcrit.htm\">BIlletreduc.com<\/a><\/p>\n\n\n\n<p><a href=\"https:\/\/www.billetreduc.com\/les_critiques.htm?eid=3299666&amp;tri=G\">Django&nbsp;<\/a><strong>&#8211; Super moment ! <em>8\/10<\/em><\/strong><br>A nous de choisir \u00a0\u00bb l&rsquo;endroit \u00a0\u00bb o\u00f9 des personnages vont d\u00e9filer, o\u00f9 les sc\u00e8nes vont s\u2019encha\u00eener&#8230; on se laisse transporter par leurs \u00e9motions ! Super soir\u00e9e, je recommande !<br><a href=\"https:\/\/www.billetreduc.com\/evt_signalcritique.htm?idcritique=1432671&amp;idsa=&amp;uid=230377\">#<\/a>\u00e9crit le 10 Avril , a vu cet \u00e9v\u00e9nement avec BilletReduc.com<\/p>\n\n\n\n<p><a href=\"https:\/\/www.billetreduc.com\/les_critiques.htm?eid=850145&amp;tri=G\">ailis<\/a><strong>-spectacle tr\u00e8s touchant et de grande qualit\u00e9.&nbsp;<em>9\/10<\/em><\/strong><br>J&rsquo;ai vu ce spectacle samedi dernier et j&rsquo;ai \u00e9t\u00e9 tr\u00e8s touch\u00e9e par la justesse des personnages. Les textes totalement improvis\u00e9s \u00e9taient \u00e9galement de grande qualit\u00e9. Une flop\u00e9e de rires, une brouette d&rsquo;\u00e9motions, le caf\u00e9 de D\u00e9d\u00e9 (lieu choisi avec le public en d\u00e9but de spectacle) a pris moult formes sur la sc\u00e8ne de l&rsquo;Esquif.<br><a href=\"https:\/\/www.billetreduc.com\/evt_signalcritique.htm?idcritique=1432113&amp;idsa=&amp;uid=230377\">#<\/a>\u00e9crit le 08 Avril<\/p>\n\n\n\n<p><a href=\"https:\/\/www.billetreduc.com\/les_critiques.htm?eid=2901878&amp;tri=G\">Rodrigreg1&nbsp;<\/a><strong>&#8211; Super soir\u00e9e&nbsp;<em>9\/10<\/em><\/strong><br>On a pass\u00e9 un super moment \u00e0 voir les diff\u00e9rents personnages \u00e9voluer sur sc\u00e8ne. Beaucoup d&rsquo;\u00e9motions un super endroit \u00e0 d\u00e9couvrir avec ses amis. Je recommande ce spectacle le.<br><a href=\"https:\/\/www.billetreduc.com\/evt_signalcritique.htm?idcritique=1432062&amp;idsa=&amp;uid=230377\">#<\/a>\u00e9crit le 08 Avril<\/p>\n\n\n\n<p><a href=\"https:\/\/www.billetreduc.com\/les_critiques.htm?eid=3525714&amp;tri=G\">Manuasil42&nbsp;<\/a><strong>&#8211; Tooopppp !&nbsp;<em>10\/10<\/em><\/strong><br>Un tr\u00e8s bon concept&#8230; Original&#8230; Rythm\u00e9 ! On ne voit pas le temps pass\u00e9 ! Deux tr\u00e8s bonnes improvisatrices hier soir&#8230; Elles ont su \u00e9tirer le th\u00e8me et l endroit comme il se doit entra\u00eenant des sc\u00e8nes tr\u00e8s originales ! La pr\u00e9sence du violon rajoute THE petit truc ! A d\u00e9couvrir absolument ! Manu<br><a href=\"https:\/\/www.billetreduc.com\/evt_signalcritique.htm?idcritique=1424844&amp;idsa=&amp;uid=230377\">#<\/a>\u00e9crit le 10 Mars , a vu cet \u00e9v\u00e9nement avec BilletReduc.com<\/p>\n\n\n\n<p><a href=\"https:\/\/www.billetreduc.com\/les_critiques.htm?eid=4465078&amp;tri=G\">Caro&nbsp;<\/a><strong>&#8211; Formidable !<em>10\/10<\/em><\/strong><br>Quel bon moment nous avons pass\u00e9es ! Le lieu est top : chaleureux et intimiste. Le spectacle, \u00e9norme, dr\u00f4le, spontan\u00e9 forc\u00e9ment, les com\u00e9diens sont talentueux, en osmose, r\u00e9actifs, bref pas de temps mort, on regrette que \u00e7a s&rsquo;arr\u00eate d\u00e9j\u00e0 ! Vivement le prochain \ud83d\udc4f\ud83d\ude0d\ud83d\ude00<br><a href=\"https:\/\/www.billetreduc.com\/evt_signalcritique.htm?idcritique=1416110&amp;idsa=&amp;uid=230377\">#<\/a>\u00e9crit le 09 F\u00e9vrier , a vu cet \u00e9v\u00e9nement avec BilletReduc.com<\/p>\n\n\n\n<p><a href=\"https:\/\/www.billetreduc.com\/les_critiques.htm?eid=1673358&amp;tri=G\">Bohart\u00e9&nbsp;<\/a><strong>&#8211; Bluffant <em>9\/10<\/em><\/strong><br>Nous avons assist\u00e9 \u00e0 ce spectacle samedi et nous avons \u00e9t\u00e9 \u00e9merveill\u00e9s par la complicit\u00e9 des 2 improvisateurs et l&rsquo;imagination avec laquelle ils nous ont figur\u00e9 une gare \u00e0 travers une galerie de personnages et d&rsquo;histoires. Tant\u00f4t burlesque, tant\u00f4t \u00e9mouvant, chaque sayn\u00e8te est finement cisel\u00e9e et chaque personnage, cr\u00e9dible. L&rsquo;ensemble du spectacle est empreint d&rsquo;une certaine po\u00e9sie au sens figur\u00e9 comme au sens propre (nous avons eu droit \u00e0 un rap improvis\u00e9 avec tous les codes). Bref, h\u00e2te de voir le prochain spectacle et de d\u00e9couvrir un nouvel \u00ab\u00a0Endroit\u00a0\u00bb.<br><a href=\"https:\/\/www.billetreduc.com\/evt_signalcritique.htm?idcritique=1416686&amp;idsa=&amp;uid=217508\">#<\/a>\u00e9crit le 11 F\u00e9vrier<\/p>\n\n\n\n<p><a href=\"https:\/\/www.billetreduc.com\/les_critiques.htm?eid=4177650&amp;tri=G\">C\u00e9cile Castelli&nbsp;<\/a><strong>&#8211; Original et dr\u00f4le<\/strong><br>Spectacle d&rsquo;impro bas\u00e9 sur une id\u00e9e originale avec de bons com\u00e9diens qui ne sont jamais \u00e0 cours d&rsquo;id\u00e9es. Bravo, je recommande \u00e0 tous ceux qui veulent passer une bonne soir\u00e9e.<br><a href=\"https:\/\/www.billetreduc.com\/evt_signalcritique.htm?idcritique=1443947&amp;idsa=&amp;uid=230377\">#<\/a>\u00e9crit le 12 Mai , a vu cet \u00e9v\u00e9nement avec BilletReduc.com<\/p>\n\n\n\n<p><a href=\"https:\/\/www.billetreduc.com\/les_critiques.htm?eid=4755819&amp;tri=G\">Harudugu&nbsp;&nbsp;<\/a><strong>&#8211; Parfait<\/strong><br>Une atmosph\u00e8re intime, un concept g\u00e9nial et des improvisateurs au sommet de leur art! Impossible de s&rsquo;ennuyer durant ce spectacle au rythme endiabl\u00e9!<br><a href=\"https:\/\/www.billetreduc.com\/evt_signalcritique.htm?idcritique=1425533&amp;idsa=&amp;uid=230377\">#<\/a>\u00e9crit le 13 Mars <\/p>\n","protected":false},"excerpt":{"rendered":"<p>Ils se croisent sans m\u00eame se regarder et pourtant ils ont tous un point commun&#8230; N&rsquo;avez-vous jamais pris le temps d&rsquo;observer les gens qui passent dans cette petite ruelle que vous arpentez, ou ceux de votre quai de gare le matin, ou encore les personnes qui partagent votre ascenseur chaque jour ? \u00ab\u00a0L&rsquo;endroit\u00a0\u00bb vous propose [&hellip;]<\/p>\n","protected":false},"author":1,"featured_media":0,"parent":0,"menu_order":0,"comment_status":"closed","ping_status":"closed","template":"","meta":{"footnotes":""},"class_list":["post-31","page","type-page","status-publish","hentry"],"_links":{"self":[{"href":"https:\/\/perolinedrevon.fr\/index.php?rest_route=\/wp\/v2\/pages\/31","targetHints":{"allow":["GET"]}}],"collection":[{"href":"https:\/\/perolinedrevon.fr\/index.php?rest_route=\/wp\/v2\/pages"}],"about":[{"href":"https:\/\/perolinedrevon.fr\/index.php?rest_route=\/wp\/v2\/types\/page"}],"author":[{"embeddable":true,"href":"https:\/\/perolinedrevon.fr\/index.php?rest_route=\/wp\/v2\/users\/1"}],"replies":[{"embeddable":true,"href":"https:\/\/perolinedrevon.fr\/index.php?rest_route=%2Fwp%2Fv2%2Fcomments&post=31"}],"version-history":[{"count":17,"href":"https:\/\/perolinedrevon.fr\/index.php?rest_route=\/wp\/v2\/pages\/31\/revisions"}],"predecessor-version":[{"id":1553,"href":"https:\/\/perolinedrevon.fr\/index.php?rest_route=\/wp\/v2\/pages\/31\/revisions\/1553"}],"wp:attachment":[{"href":"https:\/\/perolinedrevon.fr\/index.php?rest_route=%2Fwp%2Fv2%2Fmedia&parent=31"}],"curies":[{"name":"wp","href":"https:\/\/api.w.org\/{rel}","templated":true}]}}