{"id":713,"date":"2021-09-17T15:46:53","date_gmt":"2021-09-17T13:46:53","guid":{"rendered":"http:\/\/perolinedrevon.fr\/?page_id=713"},"modified":"2025-07-22T22:12:44","modified_gmt":"2025-07-22T20:12:44","slug":"theatre-forum","status":"publish","type":"page","link":"https:\/\/perolinedrevon.fr\/?page_id=713","title":{"rendered":"THEATRE FORUM"},"content":{"rendered":"\n<h3 class=\"wp-block-heading\" style=\"font-size:30px\">Le th\u00e9\u00e2tre Interactif pour aborder tous les sujets<\/h3>\n\n\n\n<h3 class=\"wp-block-heading\">C&rsquo;est quoi?<\/h3>\n\n\n\n<p>Le th\u00e9\u00e2tre forum est un outil du th\u00e9\u00e2tre, interactif et collectif <\/p>\n\n\n\n<p>C\u2019est un outil \u00e9ducatif puissant et inclusif qui utilise l&rsquo;intelligence collective et donne la parole aux participants. <\/p>\n\n\n\n<p>Il peut se composer d&rsquo;une ou de deux parties : L&rsquo;Atelier forum (S\u00e9ance de recherche collective priv\u00e9e et intime) et le Spectacle Forum (repr\u00e9sentation th\u00e9\u00e2trale avec du public par des com\u00e9diens professionnels)<\/p>\n\n\n\n<h3 class=\"wp-block-heading\">C&rsquo;est pour qui?<\/h3>\n\n\n\n<p>Le th\u00e9\u00e2tre forum est un outils utile \u00e0 tous type de publics, pour tous types de sujets. Je l&rsquo;utilise actuellement, en entreprise, dans le social ou m\u00e9dico-social, \u00e0 l&rsquo;\u00e9cole aupr\u00e8s des jeunes ou encore dans l&rsquo;associatif.<\/p>\n\n\n\n<h3 class=\"wp-block-heading\">Pour quoi ? Pour quels objectifs? Quelques exemples :<\/h3>\n\n\n\n<p>PREVENTION \/ SENSIBILISATION &#8211; Cr\u00e9er le d\u00e9bat autour de sujets sensibles avec un outil ludique, collectif et participatif. <\/p>\n\n\n\n<p>EXPERIMENTATION \/ RECHERCHE AUTOUR DES PROBLEMATIQUES VISEES &#8211; Aider les participants \u00e0 partager des situations bloquantes et exp\u00e9rimenter \u00e0 travers le th\u00e9\u00e2tre diff\u00e9rentes mani\u00e8res de les g\u00e9rer.<\/p>\n\n\n\n<p>LIBERER\/FACILITER LA PAROLE &#8211; Faciliter l&rsquo;\u00e9change, pour faire \u00e9merger des solutions innovantes et&nbsp;jusqu&rsquo;ici non explor\u00e9es<\/p>\n\n\n\n<figure class=\"wp-block-gallery has-nested-images columns-default is-cropped wp-block-gallery-1 is-layout-flex wp-block-gallery-is-layout-flex\">\n<figure class=\"wp-block-image size-large\"><img fetchpriority=\"high\" decoding=\"async\" width=\"1024\" height=\"565\" data-id=\"714\" src=\"https:\/\/perolinedrevon.fr\/wp-content\/uploads\/2021\/09\/TF-CANNABIS-DREVON-PEROLINE-SITE-1024x565.jpg\" alt=\"\" class=\"wp-image-714\" srcset=\"https:\/\/perolinedrevon.fr\/wp-content\/uploads\/2021\/09\/TF-CANNABIS-DREVON-PEROLINE-SITE-1024x565.jpg 1024w, https:\/\/perolinedrevon.fr\/wp-content\/uploads\/2021\/09\/TF-CANNABIS-DREVON-PEROLINE-SITE-300x166.jpg 300w, https:\/\/perolinedrevon.fr\/wp-content\/uploads\/2021\/09\/TF-CANNABIS-DREVON-PEROLINE-SITE-768x424.jpg 768w, https:\/\/perolinedrevon.fr\/wp-content\/uploads\/2021\/09\/TF-CANNABIS-DREVON-PEROLINE-SITE-1140x630.jpg 1140w, https:\/\/perolinedrevon.fr\/wp-content\/uploads\/2021\/09\/TF-CANNABIS-DREVON-PEROLINE-SITE.jpg 1331w\" sizes=\"(max-width: 1024px) 100vw, 1024px\" \/><figcaption class=\"wp-element-caption\">Spectacle forum sur le Cannabis au coll\u00e8ge<\/figcaption><\/figure>\n\n\n\n<figure class=\"wp-block-image size-large\"><img decoding=\"async\" width=\"1024\" height=\"768\" data-id=\"715\" src=\"https:\/\/perolinedrevon.fr\/wp-content\/uploads\/2021\/09\/TF-CANNABIS-SITE-INYTERNET-DREVON-PEROLINE-1024x768.jpg\" alt=\"\" class=\"wp-image-715\" srcset=\"https:\/\/perolinedrevon.fr\/wp-content\/uploads\/2021\/09\/TF-CANNABIS-SITE-INYTERNET-DREVON-PEROLINE-1024x768.jpg 1024w, https:\/\/perolinedrevon.fr\/wp-content\/uploads\/2021\/09\/TF-CANNABIS-SITE-INYTERNET-DREVON-PEROLINE-300x225.jpg 300w, https:\/\/perolinedrevon.fr\/wp-content\/uploads\/2021\/09\/TF-CANNABIS-SITE-INYTERNET-DREVON-PEROLINE-768x576.jpg 768w, https:\/\/perolinedrevon.fr\/wp-content\/uploads\/2021\/09\/TF-CANNABIS-SITE-INYTERNET-DREVON-PEROLINE-1536x1152.jpg 1536w, https:\/\/perolinedrevon.fr\/wp-content\/uploads\/2021\/09\/TF-CANNABIS-SITE-INYTERNET-DREVON-PEROLINE-1140x855.jpg 1140w, https:\/\/perolinedrevon.fr\/wp-content\/uploads\/2021\/09\/TF-CANNABIS-SITE-INYTERNET-DREVON-PEROLINE.jpg 2016w\" sizes=\"(max-width: 1024px) 100vw, 1024px\" \/><figcaption class=\"wp-element-caption\">Les com\u00e9diens en jeu<\/figcaption><\/figure>\n\n\n\n<figure class=\"wp-block-image size-large\"><img decoding=\"async\" width=\"841\" height=\"606\" data-id=\"716\" src=\"https:\/\/perolinedrevon.fr\/wp-content\/uploads\/2021\/09\/TF-CANNABIS-SITE-INTERNET-DREVON-PEROLINE.jpg\" alt=\"\" class=\"wp-image-716\" srcset=\"https:\/\/perolinedrevon.fr\/wp-content\/uploads\/2021\/09\/TF-CANNABIS-SITE-INTERNET-DREVON-PEROLINE.jpg 841w, https:\/\/perolinedrevon.fr\/wp-content\/uploads\/2021\/09\/TF-CANNABIS-SITE-INTERNET-DREVON-PEROLINE-300x216.jpg 300w, https:\/\/perolinedrevon.fr\/wp-content\/uploads\/2021\/09\/TF-CANNABIS-SITE-INTERNET-DREVON-PEROLINE-768x553.jpg 768w\" sizes=\"(max-width: 841px) 100vw, 841px\" \/><figcaption class=\"wp-element-caption\">Th\u00e9\u00e2tre image avec les \u00e9l\u00e8ves<\/figcaption><\/figure>\n<\/figure>\n\n\n\n<figure class=\"wp-block-gallery has-nested-images columns-default is-cropped wp-block-gallery-2 is-layout-flex wp-block-gallery-is-layout-flex\">\n<figure class=\"wp-block-image size-large\"><img loading=\"lazy\" decoding=\"async\" width=\"1024\" height=\"768\" data-id=\"1798\" src=\"https:\/\/perolinedrevon.fr\/wp-content\/uploads\/2025\/07\/IMG_1371-1024x768.png\" alt=\"\" class=\"wp-image-1798\" srcset=\"https:\/\/perolinedrevon.fr\/wp-content\/uploads\/2025\/07\/IMG_1371-1024x768.png 1024w, https:\/\/perolinedrevon.fr\/wp-content\/uploads\/2025\/07\/IMG_1371-300x225.png 300w, https:\/\/perolinedrevon.fr\/wp-content\/uploads\/2025\/07\/IMG_1371-768x576.png 768w, https:\/\/perolinedrevon.fr\/wp-content\/uploads\/2025\/07\/IMG_1371.png 1320w\" sizes=\"(max-width: 1024px) 100vw, 1024px\" \/><figcaption class=\"wp-element-caption\">Spectacle forum pour traiter le travail en interg\u00e9n\u00e9rationnel chez SANOFI<\/figcaption><\/figure>\n<\/figure>\n\n\n\n<h2 class=\"wp-block-heading\">Les r\u00e8gles du jeu sur le forum :<\/h2>\n\n\n\n<div class=\"wp-block-group\"><div class=\"wp-block-group__inner-container is-layout-flow wp-block-group-is-layout-flow\">\n<ul class=\"wp-block-list\">\n<li>Tous les avis ont leur place, chacun parle pour soi, en utilisant le JE<\/li>\n<\/ul>\n\n\n\n<ul class=\"wp-block-list\">\n<li>Interactivit\u00e9 totale et libert\u00e9 de parole<\/li>\n<\/ul>\n\n\n\n<ul class=\"wp-block-list\">\n<li>Cadre s\u00e9curis\u00e9, bienveillant et non jugeant<\/li>\n<\/ul>\n<\/div><\/div>\n\n\n\n<h2 class=\"wp-block-heading\">Comment se d\u00e9roule un spectacle forum ?<\/h2>\n\n\n\n<p>Le spectacle dure entre 1h15 \u00e0 2h00 en fonction de vos objectifs (et selon si nous int\u00e9grons un temps de d\u00e9bat)<\/p>\n\n\n\n<p>Il est jou\u00e9 par 3 \u00e0 4 com\u00e9diens professionnels <\/p>\n\n\n\n<p>Il est anim\u00e9 par un Joker (facilitateur) qui fait le lien entre public et com\u00e9diens et qui rythme les \u00e9changes<\/p>\n\n\n\n<p>La premi\u00e8re phase, consiste \u00e0 jouer les sc\u00e8nes du spectacle pr\u00e9par\u00e9es selon votre objectif et votre th\u00e9matique.<\/p>\n\n\n\n<p>La deuxi\u00e8me phase consiste \u00e0 faire forum, c&rsquo;est \u00e0 dire, int\u00e9grer dans les sc\u00e8nes les propositions du public pour voir ce que cela change dans les sc\u00e8nes.<\/p>\n\n\n\n<p>La troisi\u00e8me phase, si il y a, consiste \u00e0 proposer un temps d&rsquo;\u00e9change, d\u00e9bat, sur le sujet et anim\u00e9 par le facilitateur.<\/p>\n\n\n\n<figure class=\"wp-block-gallery has-nested-images columns-default is-cropped wp-block-gallery-3 is-layout-flex wp-block-gallery-is-layout-flex\">\n<figure class=\"wp-block-image size-large\"><img loading=\"lazy\" decoding=\"async\" width=\"956\" height=\"419\" data-id=\"1801\" src=\"https:\/\/perolinedrevon.fr\/wp-content\/uploads\/2025\/07\/thumbnail_IMG_0274.jpg\" alt=\"\" class=\"wp-image-1801\" srcset=\"https:\/\/perolinedrevon.fr\/wp-content\/uploads\/2025\/07\/thumbnail_IMG_0274.jpg 956w, https:\/\/perolinedrevon.fr\/wp-content\/uploads\/2025\/07\/thumbnail_IMG_0274-300x131.jpg 300w, https:\/\/perolinedrevon.fr\/wp-content\/uploads\/2025\/07\/thumbnail_IMG_0274-768x337.jpg 768w\" sizes=\"(max-width: 956px) 100vw, 956px\" \/><figcaption class=\"wp-element-caption\">Atelier forum en \u00e9cole d&rsquo;ing\u00e9nieur pour travailler sur des probl\u00e9matiques de management<\/figcaption><\/figure>\n<\/figure>\n\n\n\n<h3 class=\"wp-block-heading\">Combien de personnes peuvent assister au spectacle forum?<\/h3>\n\n\n\n<p>De 20 \u00e0 150 personnes environ<\/p>\n\n\n\n<p>L&rsquo;ensemble de votre public concern\u00e9 par les th\u00e9matiques trait\u00e9es<\/p>\n\n\n\n<p><\/p>\n\n\n\n<h3 class=\"wp-block-heading\">Quelle lieu faut-il pr\u00e9voir pour un spectacle forum?<\/h3>\n\n\n\n<p>Une salle de spectacle ou tout autre salle suffisamment grande pour pouvoir accueillir l&rsquo;ensemble de vos participants et \u00e9quip\u00e9e d&rsquo;une sc\u00e8ne ou d\u2019un espace sc\u00e9nique de 15m\u00b2 minimum.<\/p>\n\n\n\n<p><\/p>\n\n\n\n<figure class=\"wp-block-gallery aligncenter has-nested-images columns-default is-cropped wp-block-gallery-4 is-layout-flex wp-block-gallery-is-layout-flex\">\n<figure class=\"wp-block-image size-large\"><img loading=\"lazy\" decoding=\"async\" width=\"720\" height=\"432\" data-id=\"731\" src=\"https:\/\/perolinedrevon.fr\/wp-content\/uploads\/2021\/09\/PHOTO-SPECTACLE-APPRENTIS-AUTEUIL.jpg\" alt=\"\" class=\"wp-image-731\" srcset=\"https:\/\/perolinedrevon.fr\/wp-content\/uploads\/2021\/09\/PHOTO-SPECTACLE-APPRENTIS-AUTEUIL.jpg 720w, https:\/\/perolinedrevon.fr\/wp-content\/uploads\/2021\/09\/PHOTO-SPECTACLE-APPRENTIS-AUTEUIL-300x180.jpg 300w\" sizes=\"(max-width: 720px) 100vw, 720px\" \/><figcaption class=\"wp-element-caption\">Spectacle pour les apprentis d&rsquo;auteuil par le collectif M\u00e9ta-Morphose<\/figcaption><\/figure>\n<\/figure>\n\n\n\n<p><\/p>\n\n\n\n<h2 class=\"wp-block-heading\">DECOUVRIR \/ PRATIQUER L&rsquo;OUTIL AVEC MOI : <\/h2>\n\n\n\n<p>Rendez vous sur ma page<a href=\"https:\/\/perolinedrevon.fr\/?page_id=1123\"> STAGE<\/a><\/p>\n\n\n\n<p>Ou contactez moi au 06 23 58 21 38<\/p>\n\n\n\n<h5 class=\"wp-block-heading\">Panach\u00e9 de spectacles aux th\u00e9matiques diverses : <\/h5>\n\n\n\n<figure class=\"wp-block-gallery has-nested-images columns-default is-cropped wp-block-gallery-5 is-layout-flex wp-block-gallery-is-layout-flex\">\n<figure class=\"wp-block-image size-large\"><img loading=\"lazy\" decoding=\"async\" width=\"1024\" height=\"576\" data-id=\"1806\" src=\"https:\/\/perolinedrevon.fr\/wp-content\/uploads\/2025\/07\/PXL_20231022_140553733-1024x576.jpg\" alt=\"\" class=\"wp-image-1806\" srcset=\"https:\/\/perolinedrevon.fr\/wp-content\/uploads\/2025\/07\/PXL_20231022_140553733-1024x576.jpg 1024w, https:\/\/perolinedrevon.fr\/wp-content\/uploads\/2025\/07\/PXL_20231022_140553733-300x169.jpg 300w, https:\/\/perolinedrevon.fr\/wp-content\/uploads\/2025\/07\/PXL_20231022_140553733-768x432.jpg 768w, https:\/\/perolinedrevon.fr\/wp-content\/uploads\/2025\/07\/PXL_20231022_140553733-1536x864.jpg 1536w, https:\/\/perolinedrevon.fr\/wp-content\/uploads\/2025\/07\/PXL_20231022_140553733-2048x1152.jpg 2048w\" sizes=\"(max-width: 1024px) 100vw, 1024px\" \/><figcaption class=\"wp-element-caption\">Th\u00e9\u00e2tre forum sur l&rsquo;usage des \u00e9crans pour les enfants et leurs parents<\/figcaption><\/figure>\n\n\n\n<figure class=\"wp-block-image size-large\"><img loading=\"lazy\" decoding=\"async\" width=\"1024\" height=\"768\" data-id=\"1814\" src=\"https:\/\/perolinedrevon.fr\/wp-content\/uploads\/2025\/07\/1752602905305-1024x768.jpg\" alt=\"\" class=\"wp-image-1814\" srcset=\"https:\/\/perolinedrevon.fr\/wp-content\/uploads\/2025\/07\/1752602905305-1024x768.jpg 1024w, https:\/\/perolinedrevon.fr\/wp-content\/uploads\/2025\/07\/1752602905305-300x225.jpg 300w, https:\/\/perolinedrevon.fr\/wp-content\/uploads\/2025\/07\/1752602905305-768x576.jpg 768w, https:\/\/perolinedrevon.fr\/wp-content\/uploads\/2025\/07\/1752602905305-1536x1152.jpg 1536w, https:\/\/perolinedrevon.fr\/wp-content\/uploads\/2025\/07\/1752602905305.jpg 1600w\" sizes=\"(max-width: 1024px) 100vw, 1024px\" \/><figcaption class=\"wp-element-caption\">Th\u00e9\u00e2tre forum pour les professionnels de la petits enfance &#8211; Ville d&rsquo;Oullins Pierre b\u00e9nite<\/figcaption><\/figure>\n<\/figure>\n\n\n\n<figure class=\"wp-block-gallery has-nested-images columns-default is-cropped wp-block-gallery-6 is-layout-flex wp-block-gallery-is-layout-flex\">\n<figure class=\"wp-block-image size-large\"><img loading=\"lazy\" decoding=\"async\" width=\"1024\" height=\"768\" data-id=\"1809\" src=\"https:\/\/perolinedrevon.fr\/wp-content\/uploads\/2025\/07\/IMG_0413-1024x768.jpg\" alt=\"\" class=\"wp-image-1809\" srcset=\"https:\/\/perolinedrevon.fr\/wp-content\/uploads\/2025\/07\/IMG_0413-1024x768.jpg 1024w, https:\/\/perolinedrevon.fr\/wp-content\/uploads\/2025\/07\/IMG_0413-300x225.jpg 300w, https:\/\/perolinedrevon.fr\/wp-content\/uploads\/2025\/07\/IMG_0413-768x576.jpg 768w, https:\/\/perolinedrevon.fr\/wp-content\/uploads\/2025\/07\/IMG_0413-1536x1152.jpg 1536w, https:\/\/perolinedrevon.fr\/wp-content\/uploads\/2025\/07\/IMG_0413-2048x1536.jpg 2048w\" sizes=\"(max-width: 1024px) 100vw, 1024px\" \/><figcaption class=\"wp-element-caption\">Atelier forum sur notre rapport \u00e0 l&rsquo;\u00e9cologie dans une \u00ab\u00a0maison des familles\u00a0\u00bb \u00e0 Marseille<\/figcaption><\/figure>\n\n\n\n<figure class=\"wp-block-image size-large\"><img loading=\"lazy\" decoding=\"async\" width=\"768\" height=\"1024\" data-id=\"1812\" src=\"https:\/\/perolinedrevon.fr\/wp-content\/uploads\/2025\/07\/20211008_144329-768x1024.jpg\" alt=\"\" class=\"wp-image-1812\" srcset=\"https:\/\/perolinedrevon.fr\/wp-content\/uploads\/2025\/07\/20211008_144329-768x1024.jpg 768w, https:\/\/perolinedrevon.fr\/wp-content\/uploads\/2025\/07\/20211008_144329-225x300.jpg 225w, https:\/\/perolinedrevon.fr\/wp-content\/uploads\/2025\/07\/20211008_144329-1152x1536.jpg 1152w, https:\/\/perolinedrevon.fr\/wp-content\/uploads\/2025\/07\/20211008_144329-1536x2048.jpg 1536w, https:\/\/perolinedrevon.fr\/wp-content\/uploads\/2025\/07\/20211008_144329-scaled.jpg 1920w\" sizes=\"(max-width: 768px) 100vw, 768px\" \/><figcaption class=\"wp-element-caption\">Th\u00e9\u00e2tre forum sur l&rsquo;entr\u00e9e en EHPAD pour Malakoff HUmanis<\/figcaption><\/figure>\n\n\n\n<figure class=\"wp-block-image size-large\"><img loading=\"lazy\" decoding=\"async\" width=\"1024\" height=\"768\" data-id=\"1817\" src=\"https:\/\/perolinedrevon.fr\/wp-content\/uploads\/2025\/07\/thumbnail_IMG_7997-1024x768.jpg\" alt=\"\" class=\"wp-image-1817\" srcset=\"https:\/\/perolinedrevon.fr\/wp-content\/uploads\/2025\/07\/thumbnail_IMG_7997-1024x768.jpg 1024w, https:\/\/perolinedrevon.fr\/wp-content\/uploads\/2025\/07\/thumbnail_IMG_7997-300x225.jpg 300w, https:\/\/perolinedrevon.fr\/wp-content\/uploads\/2025\/07\/thumbnail_IMG_7997-768x576.jpg 768w, https:\/\/perolinedrevon.fr\/wp-content\/uploads\/2025\/07\/thumbnail_IMG_7997.jpg 1280w\" sizes=\"(max-width: 1024px) 100vw, 1024px\" \/><figcaption class=\"wp-element-caption\">Atelier forum pour les salari\u00e9 d&rsquo;un centre m\u00e9dico-social \u00e0 Lyon<\/figcaption><\/figure>\n<\/figure>\n\n\n\n<figure class=\"wp-block-gallery has-nested-images columns-default is-cropped wp-block-gallery-7 is-layout-flex wp-block-gallery-is-layout-flex\">\n<figure class=\"wp-block-image size-large\"><img loading=\"lazy\" decoding=\"async\" width=\"1024\" height=\"768\" data-id=\"1820\" src=\"https:\/\/perolinedrevon.fr\/wp-content\/uploads\/2025\/07\/IMG_2759-scaled-1-1024x768.jpg\" alt=\"\" class=\"wp-image-1820\" srcset=\"https:\/\/perolinedrevon.fr\/wp-content\/uploads\/2025\/07\/IMG_2759-scaled-1-1024x768.jpg 1024w, https:\/\/perolinedrevon.fr\/wp-content\/uploads\/2025\/07\/IMG_2759-scaled-1-300x225.jpg 300w, https:\/\/perolinedrevon.fr\/wp-content\/uploads\/2025\/07\/IMG_2759-scaled-1-768x576.jpg 768w, https:\/\/perolinedrevon.fr\/wp-content\/uploads\/2025\/07\/IMG_2759-scaled-1.jpg 1200w\" sizes=\"(max-width: 1024px) 100vw, 1024px\" \/><figcaption class=\"wp-element-caption\">Atelier forum sur le harc\u00e8lement au coll\u00e8ge<\/figcaption><\/figure>\n\n\n\n<figure class=\"wp-block-image size-large\"><img loading=\"lazy\" decoding=\"async\" width=\"1024\" height=\"768\" data-id=\"1821\" src=\"https:\/\/perolinedrevon.fr\/wp-content\/uploads\/2025\/07\/1742028702316-1024x768.jpeg\" alt=\"\" class=\"wp-image-1821\" srcset=\"https:\/\/perolinedrevon.fr\/wp-content\/uploads\/2025\/07\/1742028702316-1024x768.jpeg 1024w, https:\/\/perolinedrevon.fr\/wp-content\/uploads\/2025\/07\/1742028702316-300x225.jpeg 300w, https:\/\/perolinedrevon.fr\/wp-content\/uploads\/2025\/07\/1742028702316-768x576.jpeg 768w, https:\/\/perolinedrevon.fr\/wp-content\/uploads\/2025\/07\/1742028702316-1536x1152.jpeg 1536w, https:\/\/perolinedrevon.fr\/wp-content\/uploads\/2025\/07\/1742028702316.jpeg 2048w\" sizes=\"(max-width: 1024px) 100vw, 1024px\" \/><figcaption class=\"wp-element-caption\">Spectacle forum sur les violences sexistes et sexuelles &#8211; Universit\u00e9 de Saint Etienne <\/figcaption><\/figure>\n<\/figure>\n","protected":false},"excerpt":{"rendered":"<p>Le th\u00e9\u00e2tre Interactif pour aborder tous les sujets C&rsquo;est quoi? Le th\u00e9\u00e2tre forum est un outil du th\u00e9\u00e2tre, interactif et collectif C\u2019est un outil \u00e9ducatif puissant et inclusif qui utilise l&rsquo;intelligence collective et donne la parole aux participants. Il peut se composer d&rsquo;une ou de deux parties : L&rsquo;Atelier forum (S\u00e9ance de recherche collective priv\u00e9e [&hellip;]<\/p>\n","protected":false},"author":1,"featured_media":0,"parent":0,"menu_order":0,"comment_status":"closed","ping_status":"closed","template":"","meta":{"footnotes":""},"class_list":["post-713","page","type-page","status-publish","hentry"],"_links":{"self":[{"href":"https:\/\/perolinedrevon.fr\/index.php?rest_route=\/wp\/v2\/pages\/713","targetHints":{"allow":["GET"]}}],"collection":[{"href":"https:\/\/perolinedrevon.fr\/index.php?rest_route=\/wp\/v2\/pages"}],"about":[{"href":"https:\/\/perolinedrevon.fr\/index.php?rest_route=\/wp\/v2\/types\/page"}],"author":[{"embeddable":true,"href":"https:\/\/perolinedrevon.fr\/index.php?rest_route=\/wp\/v2\/users\/1"}],"replies":[{"embeddable":true,"href":"https:\/\/perolinedrevon.fr\/index.php?rest_route=%2Fwp%2Fv2%2Fcomments&post=713"}],"version-history":[{"count":28,"href":"https:\/\/perolinedrevon.fr\/index.php?rest_route=\/wp\/v2\/pages\/713\/revisions"}],"predecessor-version":[{"id":1822,"href":"https:\/\/perolinedrevon.fr\/index.php?rest_route=\/wp\/v2\/pages\/713\/revisions\/1822"}],"wp:attachment":[{"href":"https:\/\/perolinedrevon.fr\/index.php?rest_route=%2Fwp%2Fv2%2Fmedia&parent=713"}],"curies":[{"name":"wp","href":"https:\/\/api.w.org\/{rel}","templated":true}]}}