{"id":963,"date":"2023-02-20T21:15:36","date_gmt":"2023-02-20T20:15:36","guid":{"rendered":"http:\/\/perolinedrevon.fr\/?page_id=963"},"modified":"2026-02-01T14:09:39","modified_gmt":"2026-02-01T13:09:39","slug":"orage-de-vivre","status":"publish","type":"page","link":"https:\/\/perolinedrevon.fr\/?page_id=963","title":{"rendered":"\u00d4rage de vivre"},"content":{"rendered":"\n<figure class=\"wp-block-gallery has-nested-images columns-default is-cropped wp-block-gallery-1 is-layout-flex wp-block-gallery-is-layout-flex\">\n<figure class=\"wp-block-image size-large\"><img fetchpriority=\"high\" decoding=\"async\" width=\"720\" height=\"1024\" data-id=\"1241\" src=\"https:\/\/perolinedrevon.fr\/wp-content\/uploads\/2024\/09\/AFFICHE-V1-1-720x1024.jpg\" alt=\"\" class=\"wp-image-1241\" srcset=\"https:\/\/perolinedrevon.fr\/wp-content\/uploads\/2024\/09\/AFFICHE-V1-1-720x1024.jpg 720w, https:\/\/perolinedrevon.fr\/wp-content\/uploads\/2024\/09\/AFFICHE-V1-1-211x300.jpg 211w, https:\/\/perolinedrevon.fr\/wp-content\/uploads\/2024\/09\/AFFICHE-V1-1-768x1092.jpg 768w, https:\/\/perolinedrevon.fr\/wp-content\/uploads\/2024\/09\/AFFICHE-V1-1-1080x1536.jpg 1080w, https:\/\/perolinedrevon.fr\/wp-content\/uploads\/2024\/09\/AFFICHE-V1-1-1140x1621.jpg 1140w, https:\/\/perolinedrevon.fr\/wp-content\/uploads\/2024\/09\/AFFICHE-V1-1.jpg 1277w\" sizes=\"(max-width: 720px) 100vw, 720px\" \/><\/figure>\n<\/figure>\n\n\n\n<p><\/p>\n\n\n\n<h2 class=\"wp-block-heading\"><strong>L&rsquo;HISTOIRE :   Apprendre \u00e0&nbsp;dire la maladie<\/strong><\/h2>\n\n\n\n<p><strong>P\u00e9roline DREVON<\/strong>, com\u00e9dienne, est diagnostiqu\u00e9e le 12 juillet 2022 d\u2019un&nbsp;<strong>cancer du sein avanc\u00e9 et agressif \u00e0 36 ans.<\/strong><\/p>\n\n\n\n<p><strong>Th\u00e9ophile Ardy et Romain LATELTIN<\/strong>, deux artistes avec qui elle travaille, lui disent en l&rsquo;apprenant&nbsp;<strong>\u00ab on va faire ce que l\u2019on sait faire, on va en faire de l\u2019art \u2026. \u00bb<\/strong><\/p>\n\n\n\n<p>C\u2019est ainsi qu&rsquo;ils d\u00e9cident de transformer cette \u00e9preuve en \u0153uvre artistique,<strong>&nbsp;par<\/strong>&nbsp;<strong>la<\/strong>&nbsp;<strong>chanson et le th\u00e9\u00e2tre.<\/strong><\/p>\n\n\n\n<p>Regarder et \u00e9couter \u00d4rage de vivre, c\u2019est partager l\u2019intimit\u00e9 d\u2019une personne en plein chemin vers la gu\u00e9rison, en l\u00e9g\u00e8ret\u00e9, en tendresse, en po\u00e9sie, en toute sinc\u00e9rit\u00e9&#8230;<strong>, c\u2019est apprendre ensemble \u00e0 danser sous la pluie.<\/strong><\/p>\n\n\n\n<p><\/p>\n\n\n\n<h2 class=\"wp-block-heading\"><strong>EN IMAGES (reportage de la Communaut\u00e9 de commune du pays mornantais)<\/strong><\/h2>\n\n\n\n<figure class=\"wp-block-embed is-type-video is-provider-youtube wp-block-embed-youtube wp-embed-aspect-16-9 wp-has-aspect-ratio\"><div class=\"wp-block-embed__wrapper\">\n<iframe title=\"\u00d4rage de vivre - Reportage de la COPAMO\" width=\"640\" height=\"360\" src=\"https:\/\/www.youtube.com\/embed\/YgLKECK9cHM?feature=oembed\" frameborder=\"0\" allow=\"accelerometer; autoplay; clipboard-write; encrypted-media; gyroscope; picture-in-picture; web-share\" referrerpolicy=\"strict-origin-when-cross-origin\" allowfullscreen><\/iframe>\n<\/div><\/figure>\n\n\n\n<figure class=\"wp-block-embed is-type-video is-provider-youtube wp-block-embed-youtube wp-embed-aspect-16-9 wp-has-aspect-ratio\"><div class=\"wp-block-embed__wrapper\">\n<iframe title=\"L&#039;association \u00c0 Chacun Son Everest c\u00e9l\u00e8bre ses 30 ans \u00e0 Rochexpo\" width=\"640\" height=\"360\" src=\"https:\/\/www.youtube.com\/embed\/qtrqH6_sMDg?feature=oembed\" frameborder=\"0\" allow=\"accelerometer; autoplay; clipboard-write; encrypted-media; gyroscope; picture-in-picture; web-share\" referrerpolicy=\"strict-origin-when-cross-origin\" allowfullscreen><\/iframe>\n<\/div><\/figure>\n\n\n\n<p><strong>Interview sur radio les enfants du Rh\u00f4ne :<\/strong> <a href=\"https:\/\/podcast.ausha.co\/les-enfants-du-rhone\/peroline-drevon\">https:\/\/podcast.ausha.co\/les-enfants-du-rhone\/peroline-drevon<\/a><\/p>\n\n\n\n<h2 class=\"wp-block-heading\"><strong>LES ARTISTES<\/strong><\/h2>\n\n\n\n<p>Ecriture :&nbsp;<strong>P\u00e9roline DREVON, Romain LATELTIN &amp; Th\u00e9ophile ARDY<\/strong><\/p>\n\n\n\n<p>Voix lues et chant\u00e9es&nbsp;<strong>: P\u00e9roline DREVON<\/strong><\/p>\n\n\n\n<p>Chant\/Clavier\/Percussions :<strong>&nbsp;Romain LATELTIN<\/strong><\/p>\n\n\n\n<p>Chant\/Guitare\/Sampleur :<strong>&nbsp;Th\u00e9ophile ARDY<\/strong><\/p>\n\n\n\n<p><\/p>\n\n\n\n<h2 class=\"wp-block-heading\"><strong>EN PHOTOS<\/strong><\/h2>\n\n\n\n<figure class=\"wp-block-gallery has-nested-images columns-default is-cropped wp-block-gallery-2 is-layout-flex wp-block-gallery-is-layout-flex\">\n<figure class=\"wp-block-image size-large\"><img decoding=\"async\" width=\"819\" height=\"1024\" data-id=\"1056\" src=\"https:\/\/perolinedrevon.fr\/wp-content\/uploads\/2023\/10\/202310-Cite-des-halles-credit-photo-lionel-rault-6-819x1024.jpg\" alt=\"\" class=\"wp-image-1056\" srcset=\"https:\/\/perolinedrevon.fr\/wp-content\/uploads\/2023\/10\/202310-Cite-des-halles-credit-photo-lionel-rault-6-819x1024.jpg 819w, https:\/\/perolinedrevon.fr\/wp-content\/uploads\/2023\/10\/202310-Cite-des-halles-credit-photo-lionel-rault-6-240x300.jpg 240w, https:\/\/perolinedrevon.fr\/wp-content\/uploads\/2023\/10\/202310-Cite-des-halles-credit-photo-lionel-rault-6-768x960.jpg 768w, https:\/\/perolinedrevon.fr\/wp-content\/uploads\/2023\/10\/202310-Cite-des-halles-credit-photo-lionel-rault-6-1229x1536.jpg 1229w, https:\/\/perolinedrevon.fr\/wp-content\/uploads\/2023\/10\/202310-Cite-des-halles-credit-photo-lionel-rault-6-1140x1425.jpg 1140w, https:\/\/perolinedrevon.fr\/wp-content\/uploads\/2023\/10\/202310-Cite-des-halles-credit-photo-lionel-rault-6.jpg 1351w\" sizes=\"(max-width: 819px) 100vw, 819px\" \/><figcaption class=\"wp-element-caption\">Octobre 2023 &#8211; La cit\u00e9 des halles &#8211; Lyon Cr\u00e9dit photo Lionel Rault<\/figcaption><\/figure>\n\n\n\n<figure class=\"wp-block-image size-large\"><img decoding=\"async\" width=\"1024\" height=\"683\" data-id=\"1055\" src=\"https:\/\/perolinedrevon.fr\/wp-content\/uploads\/2023\/10\/202310-Cite-des-halles-credit-photo-lionel-rault-7-1024x683.jpg\" alt=\"\" class=\"wp-image-1055\" srcset=\"https:\/\/perolinedrevon.fr\/wp-content\/uploads\/2023\/10\/202310-Cite-des-halles-credit-photo-lionel-rault-7-1024x683.jpg 1024w, https:\/\/perolinedrevon.fr\/wp-content\/uploads\/2023\/10\/202310-Cite-des-halles-credit-photo-lionel-rault-7-300x200.jpg 300w, https:\/\/perolinedrevon.fr\/wp-content\/uploads\/2023\/10\/202310-Cite-des-halles-credit-photo-lionel-rault-7-768x512.jpg 768w, https:\/\/perolinedrevon.fr\/wp-content\/uploads\/2023\/10\/202310-Cite-des-halles-credit-photo-lionel-rault-7-1536x1024.jpg 1536w, https:\/\/perolinedrevon.fr\/wp-content\/uploads\/2023\/10\/202310-Cite-des-halles-credit-photo-lionel-rault-7-1140x760.jpg 1140w, https:\/\/perolinedrevon.fr\/wp-content\/uploads\/2023\/10\/202310-Cite-des-halles-credit-photo-lionel-rault-7.jpg 2048w\" sizes=\"(max-width: 1024px) 100vw, 1024px\" \/><figcaption class=\"wp-element-caption\">Octobre 2023 &#8211; La cit\u00e9 des halles &#8211; Lyon Cr\u00e9dit photo Lionel Rault<\/figcaption><\/figure>\n\n\n\n<figure class=\"wp-block-image size-large\"><img loading=\"lazy\" decoding=\"async\" width=\"1024\" height=\"682\" data-id=\"1057\" src=\"https:\/\/perolinedrevon.fr\/wp-content\/uploads\/2023\/10\/202310-Cite-des-halles-credit-photo-lionel-rault-14-1024x682.jpg\" alt=\"\" class=\"wp-image-1057\" srcset=\"https:\/\/perolinedrevon.fr\/wp-content\/uploads\/2023\/10\/202310-Cite-des-halles-credit-photo-lionel-rault-14-1024x682.jpg 1024w, https:\/\/perolinedrevon.fr\/wp-content\/uploads\/2023\/10\/202310-Cite-des-halles-credit-photo-lionel-rault-14-300x200.jpg 300w, https:\/\/perolinedrevon.fr\/wp-content\/uploads\/2023\/10\/202310-Cite-des-halles-credit-photo-lionel-rault-14-768x512.jpg 768w, https:\/\/perolinedrevon.fr\/wp-content\/uploads\/2023\/10\/202310-Cite-des-halles-credit-photo-lionel-rault-14-1536x1024.jpg 1536w, https:\/\/perolinedrevon.fr\/wp-content\/uploads\/2023\/10\/202310-Cite-des-halles-credit-photo-lionel-rault-14-1140x760.jpg 1140w, https:\/\/perolinedrevon.fr\/wp-content\/uploads\/2023\/10\/202310-Cite-des-halles-credit-photo-lionel-rault-14.jpg 2000w\" sizes=\"(max-width: 1024px) 100vw, 1024px\" \/><figcaption class=\"wp-element-caption\">Octobre 2023 &#8211; La cit\u00e9 des halles &#8211; Lyon Cr\u00e9dit photo Lionel Rault<\/figcaption><\/figure>\n<\/figure>\n\n\n\n<p><\/p>\n\n\n\n<h2 class=\"wp-block-heading\"><strong>EN LIVRE DISQUE <\/strong><\/h2>\n\n\n\n<p>Vous pouvez d&rsquo;ores et d\u00e9j\u00e0 commander le livre disque \u00ab\u00a0\u00d4rage de vivre\u00a0\u00bb qui reprend les textes du spectacle et les chansons. Avec les magnifique illustrations de<a href=\"https:\/\/www.facebook.com\/newodali\/\"> Audrey Gil<\/a> et la mise en page de <a href=\"https:\/\/www.behance.net\/alM0?locale=fr_FR\">Alexandre Montalescot.<\/a><\/p>\n\n\n\n<p><a href=\"https:\/\/www.deshistoiresenmusique.com\/en-boutique\">Cliquez ici pour acc\u00e9der aux commandes <\/a><\/p>\n\n\n\n<div class=\"wp-block-group\"><div class=\"wp-block-group__inner-container is-layout-constrained wp-block-group-is-layout-constrained\">\n<figure class=\"wp-block-gallery has-nested-images columns-default is-cropped wp-block-gallery-3 is-layout-flex wp-block-gallery-is-layout-flex\">\n<figure class=\"wp-block-image size-full\"><img loading=\"lazy\" decoding=\"async\" width=\"680\" height=\"379\" data-id=\"1896\" src=\"https:\/\/perolinedrevon.fr\/wp-content\/uploads\/2025\/10\/Orage-de-vivre-mise-en-situation-ALEX.jpg\" alt=\"\" class=\"wp-image-1896\" srcset=\"https:\/\/perolinedrevon.fr\/wp-content\/uploads\/2025\/10\/Orage-de-vivre-mise-en-situation-ALEX.jpg 680w, https:\/\/perolinedrevon.fr\/wp-content\/uploads\/2025\/10\/Orage-de-vivre-mise-en-situation-ALEX-300x167.jpg 300w\" sizes=\"(max-width: 680px) 100vw, 680px\" \/><\/figure>\n<\/figure>\n<\/div><\/div>\n\n\n\n<h2 class=\"wp-block-heading\"><strong>LE PUBLIC&nbsp;EN PARLE<\/strong><\/h2>\n\n\n\n<p>\u00ab Un grand merci \u00e0 P\u00e9roline et ses musiciens qui arrivent \u00e0 faire passer des \u00e9motions positives sur un sujet s\u00e9rieux !<br>P\u00e9roline manie \u00e0 merveille humour et gravit\u00e9 pour nous donner un beau t\u00e9moignage de courage et de combativit\u00e9 !<br>En tant que professionnel de sant\u00e9, cette repr\u00e9sentation nous am\u00e8ne, avec humilit\u00e9, \u00e0 remettre en question nos pratiques pour recentrer notre posture sur les attentes du patient : \u00e9coute et bienveillance, bien souvent rien de plus !!&nbsp;<\/p>\n\n\n\n<p><strong>St\u00e9phanie, infirmi\u00e8re lib\u00e9rale<\/strong><\/p>\n\n\n\n<p><strong>&#8212;&#8212;&#8212;&#8212;&#8212;&#8212;&#8212;&#8212;&#8212;&#8212;&#8212;&#8212;&#8212;&#8212;&#8212;&#8212;&#8212;&#8212;&#8212;&#8212;&#8212;&#8212;&#8211;<\/strong><\/p>\n\n\n\n<p>\u00ab\u00a0Cancer, c&rsquo;est presque un gros mot, on ne sait pas comment en parler que l&rsquo;on soit d&rsquo;un c\u00f4t\u00e9 ou de l&rsquo;autre. &nbsp;<\/p>\n\n\n\n<p>En compagnie de P\u00e9roline, cela devient un beau mot et m\u00eame un bon mot pour faire de la maladie une alli\u00e9e, puisqu&rsquo;avec elle, il va falloir cheminer. &nbsp;<\/p>\n\n\n\n<p>Dans ce t\u00e9moignage sous forme de spectacle, on est invit\u00e9 \u00e0 mettre des mots sur ses ressentis, quel que soit \u00ab\u00a0son camp\u00a0\u00bb. On pratique l&#8217;empathie sans s&rsquo;en rendre compte, avec l\u00e9g\u00e8ret\u00e9 et humour. &nbsp;<\/p>\n\n\n\n<p>On se reconnait dans ce que l&rsquo;on a pu dire \u00e0 quelqu&rsquo;un qui nous a annonc\u00e9 sa maladie ou dans les questionnements et les doutes qui nous envahissent quand on est concern\u00e9 et, m\u00eame, on en rit ! &nbsp;<\/p>\n\n\n\n<p>Octobre Rose et son cort\u00e8ge d&rsquo;actions, c&rsquo;est crucial pour parler du cancer du sein et je remercie celles et ceux qui s&rsquo;engagent pour favoriser le d\u00e9pistage. Ce spectacle, c&rsquo;est la cerise sur le mamelon, du \u00ab\u00a0live\u00a0\u00bb qui l\u00e8ve les tabous, donne de l&rsquo;espoir pour d\u00e9dramatiser les soins et y puiser la force du combat. &nbsp;<\/p>\n\n\n\n<p>On ressort le c\u0153ur l\u00e9ger, heureux d&rsquo;avoir partag\u00e9 ses \u00e9motions, d&#8217;emporter avec soi une part du fardeau, et coiff\u00e9, en prime, d&rsquo;un turban de po\u00e9sie et de beaut\u00e9 gr\u00e2ce aux chansons de Romain et Th\u00e9ophile qui ponctuent ce journal avec douceur et tendresse : merci pour ce puissant hymne \u00e0 la vie ! \u00a0\u00bb &nbsp;<\/p>\n\n\n\n<p><strong>Agn\u00e8s, patiente atteinte d\u2019un cancer du sein&nbsp;<\/strong><\/p>\n\n\n\n<p><strong>&#8212;&#8212;&#8212;&#8212;&#8212;&#8212;&#8212;&#8212;&#8212;&#8212;&#8212;&#8212;&#8212;&#8212;&#8212;&#8212;&#8212;&#8212;&#8212;&#8212;&#8212;&#8212;&#8211;<\/strong><\/p>\n\n\n\n<p>\u00ab Juch\u00e9e sur un tabouret entre deux anges gardiens musicaux, P\u00e9roline d\u00e9ploie la soie de son histoire si personnelle de la maladie. Si personnelle et pourtant si partag\u00e9e\u2026 &nbsp;<\/p>\n\n\n\n<p>On s\u2019y retrouve dans le fil du r\u00e9cit, on est elle et l\u2019on suit son \u00e9motion malicieuse dans le cheminement de ce qu\u2019elle a v\u00e9cu. Avec simplicit\u00e9 et empathie, elle raconte la porte s\u2019ouvrant sur la maladie et la lente habitation de cette nouvelle r\u00e9alit\u00e9 qui bouleverse sa vie. Au-del\u00e0 du t\u00e9moignage, c\u2019est un partage intime et apaisant que l\u2019on \u00e9prouve, accompagn\u00e9 de la musique de Th\u00e9ophile et Romain.&nbsp;<\/p>\n\n\n\n<p>Hymne \u00e0 la vie, confiance dans l\u2019amour plus fort que l\u2019amer, P\u00e9roline nous initie \u00e0 ce chemin de l\u2019ouverture et de la conscience qui nous permet de sourire sous la pluie. \u00bb&nbsp;<\/p>\n\n\n\n<p><strong>Jean, spectateur lors d&rsquo;octobre rose 2022<\/strong><\/p>\n\n\n\n<h2 class=\"wp-block-heading\">Tous les avis de spectateurs <a href=\"https:\/\/www.facebook.com\/profile.php?id=100094705944149&amp;sk=reviews&amp;locale=fr_FR\">ICI<\/a><\/h2>\n\n\n\n<p>&#8212;&#8212;&#8212;&#8212;&#8212;&#8212;&#8212;&#8212;&#8212;&#8211;<\/p>\n\n\n\n<h2 class=\"wp-block-heading\">LES SOIGNANTS EN PARLENT <\/h2>\n\n\n\n<figure class=\"wp-block-image size-full\"><img loading=\"lazy\" decoding=\"async\" width=\"611\" height=\"307\" src=\"https:\/\/perolinedrevon.fr\/wp-content\/uploads\/2025\/07\/relour-loic-tranchant.png\" alt=\"\" class=\"wp-image-1583\" srcset=\"https:\/\/perolinedrevon.fr\/wp-content\/uploads\/2025\/07\/relour-loic-tranchant.png 611w, https:\/\/perolinedrevon.fr\/wp-content\/uploads\/2025\/07\/relour-loic-tranchant-300x151.png 300w\" sizes=\"(max-width: 611px) 100vw, 611px\" \/><\/figure>\n\n\n\n<figure class=\"wp-block-image size-full\"><img loading=\"lazy\" decoding=\"async\" width=\"578\" height=\"635\" src=\"https:\/\/perolinedrevon.fr\/wp-content\/uploads\/2025\/07\/retour-campus-sante-st-etienne.png\" alt=\"\" class=\"wp-image-1584\" srcset=\"https:\/\/perolinedrevon.fr\/wp-content\/uploads\/2025\/07\/retour-campus-sante-st-etienne.png 578w, https:\/\/perolinedrevon.fr\/wp-content\/uploads\/2025\/07\/retour-campus-sante-st-etienne-273x300.png 273w\" sizes=\"(max-width: 578px) 100vw, 578px\" \/><\/figure>\n\n\n\n<p><\/p>\n\n\n\n<h2 class=\"wp-block-heading\">LA PRESSE EN PARLE<\/h2>\n\n\n\n<div class=\"wp-block-group\"><div class=\"wp-block-group__inner-container is-layout-constrained wp-block-group-is-layout-constrained\">\n<figure class=\"wp-block-gallery has-nested-images columns-default is-cropped wp-block-gallery-4 is-layout-flex wp-block-gallery-is-layout-flex\">\n<figure class=\"wp-block-image size-full\"><img loading=\"lazy\" decoding=\"async\" width=\"1170\" height=\"1493\" data-id=\"1635\" src=\"https:\/\/perolinedrevon.fr\/wp-content\/uploads\/2025\/07\/20231001-Le-Progres.jpg\" alt=\"\" class=\"wp-image-1635\" srcset=\"https:\/\/perolinedrevon.fr\/wp-content\/uploads\/2025\/07\/20231001-Le-Progres.jpg 1170w, https:\/\/perolinedrevon.fr\/wp-content\/uploads\/2025\/07\/20231001-Le-Progres-235x300.jpg 235w, https:\/\/perolinedrevon.fr\/wp-content\/uploads\/2025\/07\/20231001-Le-Progres-802x1024.jpg 802w, https:\/\/perolinedrevon.fr\/wp-content\/uploads\/2025\/07\/20231001-Le-Progres-768x980.jpg 768w\" sizes=\"(max-width: 1170px) 100vw, 1170px\" \/><\/figure>\n<\/figure>\n\n\n\n<figure class=\"wp-block-image size-large\"><img loading=\"lazy\" decoding=\"async\" width=\"1024\" height=\"547\" src=\"https:\/\/perolinedrevon.fr\/wp-content\/uploads\/2025\/07\/202411-Soucieu-Mag-ODV-1024x547.jpg\" alt=\"\" class=\"wp-image-1636\" srcset=\"https:\/\/perolinedrevon.fr\/wp-content\/uploads\/2025\/07\/202411-Soucieu-Mag-ODV-1024x547.jpg 1024w, https:\/\/perolinedrevon.fr\/wp-content\/uploads\/2025\/07\/202411-Soucieu-Mag-ODV-300x160.jpg 300w, https:\/\/perolinedrevon.fr\/wp-content\/uploads\/2025\/07\/202411-Soucieu-Mag-ODV-768x410.jpg 768w, https:\/\/perolinedrevon.fr\/wp-content\/uploads\/2025\/07\/202411-Soucieu-Mag-ODV-1536x821.jpg 1536w, https:\/\/perolinedrevon.fr\/wp-content\/uploads\/2025\/07\/202411-Soucieu-Mag-ODV-2048x1094.jpg 2048w\" sizes=\"(max-width: 1024px) 100vw, 1024px\" \/><\/figure>\n<\/div><\/div>\n\n\n\n<div class=\"wp-block-group\"><div class=\"wp-block-group__inner-container is-layout-constrained wp-block-group-is-layout-constrained\">\n<figure class=\"wp-block-image size-large\"><img loading=\"lazy\" decoding=\"async\" width=\"476\" height=\"1024\" src=\"https:\/\/perolinedrevon.fr\/wp-content\/uploads\/2025\/07\/20221015-Le-progres-ODV-ARTEMIS-476x1024.jpg\" alt=\"\" class=\"wp-image-1639\" srcset=\"https:\/\/perolinedrevon.fr\/wp-content\/uploads\/2025\/07\/20221015-Le-progres-ODV-ARTEMIS-476x1024.jpg 476w, https:\/\/perolinedrevon.fr\/wp-content\/uploads\/2025\/07\/20221015-Le-progres-ODV-ARTEMIS-139x300.jpg 139w, https:\/\/perolinedrevon.fr\/wp-content\/uploads\/2025\/07\/20221015-Le-progres-ODV-ARTEMIS.jpg 638w\" sizes=\"(max-width: 476px) 100vw, 476px\" \/><\/figure>\n\n\n\n<figure class=\"wp-block-image size-large is-resized\"><img loading=\"lazy\" decoding=\"async\" width=\"723\" height=\"1024\" src=\"https:\/\/perolinedrevon.fr\/wp-content\/uploads\/2025\/10\/202510-Saint-symphorien-sur-coise-723x1024.jpg\" alt=\"\" class=\"wp-image-1894\" style=\"width:450px\" srcset=\"https:\/\/perolinedrevon.fr\/wp-content\/uploads\/2025\/10\/202510-Saint-symphorien-sur-coise-723x1024.jpg 723w, https:\/\/perolinedrevon.fr\/wp-content\/uploads\/2025\/10\/202510-Saint-symphorien-sur-coise-212x300.jpg 212w, https:\/\/perolinedrevon.fr\/wp-content\/uploads\/2025\/10\/202510-Saint-symphorien-sur-coise-768x1088.jpg 768w, https:\/\/perolinedrevon.fr\/wp-content\/uploads\/2025\/10\/202510-Saint-symphorien-sur-coise-1085x1536.jpg 1085w, https:\/\/perolinedrevon.fr\/wp-content\/uploads\/2025\/10\/202510-Saint-symphorien-sur-coise-1446x2048.jpg 1446w, https:\/\/perolinedrevon.fr\/wp-content\/uploads\/2025\/10\/202510-Saint-symphorien-sur-coise-scaled.jpg 1808w\" sizes=\"(max-width: 723px) 100vw, 723px\" \/><\/figure>\n<\/div><\/div>\n\n\n\n<h2 class=\"wp-block-heading\">LES DATES A VENIR<\/h2>\n\n\n\n<figure class=\"wp-block-image size-large\"><img loading=\"lazy\" decoding=\"async\" width=\"1024\" height=\"577\" src=\"https:\/\/perolinedrevon.fr\/wp-content\/uploads\/2026\/02\/ODV-AGENDA-2025-4-1024x577.png\" alt=\"\" class=\"wp-image-1975\" srcset=\"https:\/\/perolinedrevon.fr\/wp-content\/uploads\/2026\/02\/ODV-AGENDA-2025-4-1024x577.png 1024w, https:\/\/perolinedrevon.fr\/wp-content\/uploads\/2026\/02\/ODV-AGENDA-2025-4-300x169.png 300w, https:\/\/perolinedrevon.fr\/wp-content\/uploads\/2026\/02\/ODV-AGENDA-2025-4-768x433.png 768w, https:\/\/perolinedrevon.fr\/wp-content\/uploads\/2026\/02\/ODV-AGENDA-2025-4-1536x865.png 1536w, https:\/\/perolinedrevon.fr\/wp-content\/uploads\/2026\/02\/ODV-AGENDA-2025-4.png 1640w\" sizes=\"(max-width: 1024px) 100vw, 1024px\" \/><\/figure>\n\n\n\n<div class=\"wp-block-group\"><div class=\"wp-block-group__inner-container is-layout-constrained wp-block-group-is-layout-constrained\">\n<p>\u200b<\/p>\n\n\n\n<p>Plus d&rsquo;informations sur ce spectacle sur le site de la compagnie <a href=\"https:\/\/www.deshistoiresenmusique.com\/orage-de-vivre\">\u00ab\u00a0Des histoires en musique\u00a0\u00bb<\/a><\/p>\n\n\n\n<p>Pour suivre les actus du spectacle : Suivre la page facebook <a href=\"https:\/\/www.facebook.com\/profile.php?id=100094705944149\">\u00ab\u00a0\u00d4rage de vivre\u00a0\u00bb<\/a><\/p>\n<\/div><\/div>\n\n\n\n<p>Pour nous programmer, contactez moi au <strong>06 23 58 21 38<\/strong><\/p>\n\n\n\n<p><em>Nous sommes \u00ab\u00a0tout terrains\u00a0\u00bb et n&rsquo;avons besoin que d&rsquo;une prise de courant. Nous apportons le mat\u00e9riel son  et lumi\u00e8re et pouvons jouer dans tous type de salles : m\u00e9diath\u00e8ques, biblioth\u00e8ques, h\u00f4pitaux, salles des f\u00eates, salles de r\u00e9unions, amphith\u00e9\u00e2tres, entreprises etc&#8230; (CPTS, CCAS, Communes, Cliniques, Facs de m\u00e9decine, IFSI, Collectivit\u00e9s, associations, entreprises, n&rsquo;h\u00e9sitez pas \u00e0 nous solliciter)<\/em><\/p>\n\n\n\n<p><\/p>\n\n\n\n<p><\/p>\n","protected":false},"excerpt":{"rendered":"<p>L&rsquo;HISTOIRE : Apprendre \u00e0&nbsp;dire la maladie P\u00e9roline DREVON, com\u00e9dienne, est diagnostiqu\u00e9e le 12 juillet 2022 d\u2019un&nbsp;cancer du sein avanc\u00e9 et agressif \u00e0 36 ans. Th\u00e9ophile Ardy et Romain LATELTIN, deux artistes avec qui elle travaille, lui disent en l&rsquo;apprenant&nbsp;\u00ab on va faire ce que l\u2019on sait faire, on va en faire de l\u2019art \u2026. \u00bb [&hellip;]<\/p>\n","protected":false},"author":1,"featured_media":0,"parent":0,"menu_order":0,"comment_status":"closed","ping_status":"closed","template":"","meta":{"footnotes":""},"class_list":["post-963","page","type-page","status-publish","hentry"],"_links":{"self":[{"href":"https:\/\/perolinedrevon.fr\/index.php?rest_route=\/wp\/v2\/pages\/963","targetHints":{"allow":["GET"]}}],"collection":[{"href":"https:\/\/perolinedrevon.fr\/index.php?rest_route=\/wp\/v2\/pages"}],"about":[{"href":"https:\/\/perolinedrevon.fr\/index.php?rest_route=\/wp\/v2\/types\/page"}],"author":[{"embeddable":true,"href":"https:\/\/perolinedrevon.fr\/index.php?rest_route=\/wp\/v2\/users\/1"}],"replies":[{"embeddable":true,"href":"https:\/\/perolinedrevon.fr\/index.php?rest_route=%2Fwp%2Fv2%2Fcomments&post=963"}],"version-history":[{"count":31,"href":"https:\/\/perolinedrevon.fr\/index.php?rest_route=\/wp\/v2\/pages\/963\/revisions"}],"predecessor-version":[{"id":1977,"href":"https:\/\/perolinedrevon.fr\/index.php?rest_route=\/wp\/v2\/pages\/963\/revisions\/1977"}],"wp:attachment":[{"href":"https:\/\/perolinedrevon.fr\/index.php?rest_route=%2Fwp%2Fv2%2Fmedia&parent=963"}],"curies":[{"name":"wp","href":"https:\/\/api.w.org\/{rel}","templated":true}]}}